{"id":1633,"date":"2017-04-12T11:35:27","date_gmt":"2017-04-12T15:35:27","guid":{"rendered":"http:\/\/www3.infodev.ca\/request-a-quote\/"},"modified":"2024-08-09T15:41:44","modified_gmt":"2024-08-09T19:41:44","slug":"demande-d-informations","status":"publish","type":"page","link":"https:\/\/www.infodev.ca\/fr\/a-propos\/demande-d-informations\/","title":{"rendered":"Demande d&rsquo;informations"},"content":{"rendered":"\t\t<div data-elementor-type=\"wp-post\" data-elementor-id=\"1633\" class=\"elementor elementor-1633 elementor-30\" data-elementor-post-type=\"page\">\n\t\t\t\t\t\t<section class=\"elementor-section elementor-top-section elementor-element elementor-element-npekcfc elementor-section-boxed elementor-section-height-default elementor-section-height-default\" data-id=\"npekcfc\" data-element_type=\"section\" data-e-type=\"section\" data-settings=\"{&quot;background_background&quot;:&quot;classic&quot;}\">\n\t\t\t\t\t\t<div class=\"elementor-container elementor-column-gap-default\">\n\t\t\t\t\t<div class=\"elementor-column elementor-col-100 elementor-top-column elementor-element elementor-element-qvekcok\" data-id=\"qvekcok\" data-element_type=\"column\" data-e-type=\"column\">\n\t\t\t<div class=\"elementor-widget-wrap elementor-element-populated\">\n\t\t\t\t\t\t<div class=\"elementor-element elementor-element-6f4fad5 elementor-widget elementor-widget-heading\" data-id=\"6f4fad5\" data-element_type=\"widget\" data-e-type=\"widget\" data-widget_type=\"heading.default\">\n\t\t\t\t<div class=\"elementor-widget-container\">\n\t\t\t\t\t<h1 class=\"elementor-heading-title elementor-size-default\">Questions ou projet \u00e0 d\u00e9marrer?<\/h1>\t\t\t\t<\/div>\n\t\t\t\t<\/div>\n\t\t\t\t<div class=\"elementor-element elementor-element-a03d9d9 elementor-widget elementor-widget-text-editor\" data-id=\"a03d9d9\" data-element_type=\"widget\" data-e-type=\"widget\" data-widget_type=\"text-editor.default\">\n\t\t\t\t<div class=\"elementor-widget-container\">\n\t\t\t\t\t\t\t\t\t<p>N&rsquo;h\u00e9sitez pas \u00e0 nous donner davantage d\u2019informations sur vos projets ou \u00e0 poser vos questions concernant nos solutions innovantes! Vous pouvez \u00e9galement nous envoyer un courriel directement \u00e0 <a href=\"mailto:info@infodev.ca\">info@infodev.ca<\/a><\/p><p>L&rsquo;un des membres de notre \u00e9quipe vous contactera sous peu.<\/p>\t\t\t\t\t\t\t\t<\/div>\n\t\t\t\t<\/div>\n\t\t\t\t<div class=\"elementor-element elementor-element-cbu5a3x elementor-widget elementor-widget-wp-widget-wpforms-widget\" data-id=\"cbu5a3x\" data-element_type=\"widget\" data-e-type=\"widget\" data-widget_type=\"wp-widget-wpforms-widget.default\">\n\t\t\t\t<div class=\"elementor-widget-container\">\n\t\t\t\t\t<div class=\"wpforms-container wpforms-container-full\" id=\"wpforms-1674\"><form id=\"wpforms-form-1674\" class=\"wpforms-validate wpforms-form\" data-formid=\"1674\" method=\"post\" enctype=\"multipart\/form-data\" action=\"\/fr\/wp-json\/wp\/v2\/pages\/1633\" data-token=\"c1c08735faf9cb0af49102dacce8e067\" data-token-time=\"1776153385\"><div class=\"wpforms-head-container\"><div class=\"wpforms-description\">Les champs marqu\u00e9s d'un * sont obligatoires<\/div><\/div><noscript class=\"wpforms-error-noscript\">Veuillez activer JavaScript dans votre navigateur pour remplir ce formulaire.<\/noscript><div class=\"wpforms-field-container\"><div id=\"wpforms-1674-field_1-container\" class=\"wpforms-field wpforms-field-radio\" data-field-id=\"1\"><label class=\"wpforms-field-label\">Comment pouvons-nous vous assister? <span class=\"wpforms-required-label\">*<\/span><\/label><ul id=\"wpforms-1674-field_1\" class=\"wpforms-field-required\"><li class=\"choice-1 depth-1\"><input type=\"radio\" id=\"wpforms-1674-field_1_1\" name=\"wpforms[fields][1]\" value=\"Solutions pour Trains\" required ><label class=\"wpforms-field-label-inline\" for=\"wpforms-1674-field_1_1\">Solutions pour Trains<\/label><\/li><li class=\"choice-2 depth-1\"><input type=\"radio\" id=\"wpforms-1674-field_1_2\" name=\"wpforms[fields][1]\" value=\"Solutions pour Bus\" required ><label class=\"wpforms-field-label-inline\" for=\"wpforms-1674-field_1_2\">Solutions pour Bus<\/label><\/li><li class=\"choice-3 depth-1\"><input type=\"radio\" id=\"wpforms-1674-field_1_3\" name=\"wpforms[fields][1]\" value=\"Solutions pour B\u00e2timents\" required ><label class=\"wpforms-field-label-inline\" for=\"wpforms-1674-field_1_3\">Solutions pour B\u00e2timents<\/label><\/li><li class=\"choice-4 depth-1\"><input type=\"radio\" id=\"wpforms-1674-field_1_4\" name=\"wpforms[fields][1]\" value=\"Projets personnalis\u00e9s\" required ><label class=\"wpforms-field-label-inline\" for=\"wpforms-1674-field_1_4\">Projets personnalis\u00e9s<\/label><\/li><li class=\"choice-5 depth-1\"><input type=\"radio\" id=\"wpforms-1674-field_1_5\" name=\"wpforms[fields][1]\" value=\"Autre\" required ><label class=\"wpforms-field-label-inline\" for=\"wpforms-1674-field_1_5\">Autre<\/label><\/li><\/ul><\/div><div id=\"wpforms-1674-field_2-container\" class=\"wpforms-field wpforms-field-select wpforms-field-select-style-classic\" data-field-id=\"2\"><label class=\"wpforms-field-label\" for=\"wpforms-1674-field_2\">Urgence du projet <span class=\"wpforms-required-label\">*<\/span><\/label><select id=\"wpforms-1674-field_2\" class=\"wpforms-field-medium wpforms-field-required\" name=\"wpforms[fields][2]\" required=\"required\"><option value=\"Basse\"  class=\"choice-1 depth-1\"  >Basse<\/option><option value=\"Moyenne\"  class=\"choice-2 depth-1\"  >Moyenne<\/option><option value=\"Haute\"  class=\"choice-3 depth-1\"  >Haute<\/option><option value=\"Derni\u00e8re minute\"  class=\"choice-4 depth-1\"  >Derni\u00e8re minute<\/option><\/select><\/div><div id=\"wpforms-1674-field_3-container\" class=\"wpforms-field wpforms-field-textarea\" data-field-id=\"3\"><label class=\"wpforms-field-label\" for=\"wpforms-1674-field_3\">Description du projet <span class=\"wpforms-required-label\">*<\/span><\/label><textarea id=\"wpforms-1674-field_3\" class=\"wpforms-field-large wpforms-field-required\" name=\"wpforms[fields][3]\" required><\/textarea><\/div><div id=\"wpforms-1674-field_4-container\" class=\"wpforms-field wpforms-field-text\" data-field-id=\"4\"><label class=\"wpforms-field-label\" for=\"wpforms-1674-field_4\">Compagnie <span class=\"wpforms-required-label\">*<\/span><\/label><input type=\"text\" id=\"wpforms-1674-field_4\" class=\"wpforms-field-large wpforms-field-required\" name=\"wpforms[fields][4]\" required><\/div><div id=\"wpforms-1674-field_9-container\" class=\"wpforms-field wpforms-field-url\" data-field-id=\"9\"><label class=\"wpforms-field-label\" for=\"wpforms-1674-field_9\">Site Web \/ Adresse URL<\/label><input type=\"url\" id=\"wpforms-1674-field_9\" class=\"wpforms-field-large\" name=\"wpforms[fields][9]\" placeholder=\"http:\/\/www...\" ><\/div><div id=\"wpforms-1674-field_5-container\" class=\"wpforms-field wpforms-field-name\" data-field-id=\"5\"><label class=\"wpforms-field-label\" for=\"wpforms-1674-field_5\">Nom <span class=\"wpforms-required-label\">*<\/span><\/label><input type=\"text\" id=\"wpforms-1674-field_5\" class=\"wpforms-field-large wpforms-field-required\" name=\"wpforms[fields][5]\" required><div class=\"wpforms-field-description\">Nom, pr\u00e9nom, poste<\/div><\/div><div id=\"wpforms-1674-field_6-container\" class=\"wpforms-field wpforms-field-email\" data-field-id=\"6\"><label class=\"wpforms-field-label\" for=\"wpforms-1674-field_6\">Courriel <span class=\"wpforms-required-label\">*<\/span><\/label><input type=\"email\" id=\"wpforms-1674-field_6\" class=\"wpforms-field-large wpforms-field-required\" name=\"wpforms[fields][6]\" spellcheck=\"false\" required><\/div><div id=\"wpforms-1674-field_7-container\" class=\"wpforms-field wpforms-field-number wpforms-one-half wpforms-first\" data-field-id=\"7\"><label class=\"wpforms-field-label\" for=\"wpforms-1674-field_7\">Num\u00e9ro de t\u00e9l\u00e9phone <span class=\"wpforms-required-label\">*<\/span><\/label><input type=\"number\" id=\"wpforms-1674-field_7\" class=\"wpforms-field-large wpforms-field-required\" name=\"wpforms[fields][7]\" step=\"any\" required><\/div><div id=\"wpforms-1674-field_8-container\" class=\"wpforms-field wpforms-field-text wpforms-one-half\" data-field-id=\"8\"><label class=\"wpforms-field-label\" for=\"wpforms-1674-field_8\">Pays<\/label><input type=\"text\" id=\"wpforms-1674-field_8\" class=\"wpforms-field-large\" name=\"wpforms[fields][8]\" ><\/div><\/div><!-- .wpforms-field-container --><div class=\"wpforms-field wpforms-field-hp\"><label for=\"wpforms-1674-field-hp\" class=\"wpforms-field-label\">Name<\/label><input type=\"text\" name=\"wpforms[hp]\" id=\"wpforms-1674-field-hp\" class=\"wpforms-field-medium\"><\/div><div class=\"wpforms-recaptcha-container wpforms-is-recaptcha wpforms-is-recaptcha-type-invisible\" ><div class=\"g-recaptcha\" data-sitekey=\"6LfkgakUAAAAANvLdOtlkbpBpDwi3CKoKwpWSx0k\" data-size=\"invisible\"><\/div><\/div><div class=\"wpforms-submit-container\" ><input type=\"hidden\" name=\"wpforms[id]\" value=\"1674\"><input type=\"hidden\" name=\"page_title\" value=\"\"><input type=\"hidden\" name=\"page_url\" value=\"https:\/\/www.infodev.ca\/fr\/wp-json\/wp\/v2\/pages\/1633\"><input type=\"hidden\" name=\"url_referer\" value=\"\"><button type=\"submit\" name=\"wpforms[submit]\" id=\"wpforms-submit-1674\" class=\"wpforms-submit\" data-alt-text=\"Envoi...\" data-submit-text=\"Envoyer\" aria-live=\"assertive\" value=\"wpforms-submit\">Envoyer<\/button><\/div><\/form><\/div>  <!-- .wpforms-container -->\t\t\t\t<\/div>\n\t\t\t\t<\/div>\n\t\t\t\t\t<\/div>\n\t\t<\/div>\n\t\t\t\t\t<\/div>\n\t\t<\/section>\n\t\t\t\t<\/div>\n\t\t","protected":false},"excerpt":{"rendered":"<p>Questions ou projet \u00e0 d\u00e9marrer? N&rsquo;h\u00e9sitez pas \u00e0 nous donner davantage d\u2019informations sur vos projets ou \u00e0 poser vos questions concernant nos solutions innovantes! Vous pouvez \u00e9galement nous envoyer un courriel directement \u00e0 info@infodev.ca L&rsquo;un des membres de notre \u00e9quipe vous contactera sous peu.<\/p>\n","protected":false},"author":1,"featured_media":14129,"parent":1605,"menu_order":0,"comment_status":"closed","ping_status":"closed","template":"","meta":{"_monsterinsights_skip_tracking":false,"_monsterinsights_sitenote_active":false,"_monsterinsights_sitenote_note":"","_monsterinsights_sitenote_category":0,"footnotes":""},"class_list":["post-1633","page","type-page","status-publish","has-post-thumbnail","hentry"],"yoast_head":"<!-- This site is optimized with the Yoast SEO Premium plugin v27.3 (Yoast SEO v27.3) - https:\/\/yoast.com\/product\/yoast-seo-premium-wordpress\/ -->\n<title>Infodev EDI inc - Posez toutes vos questions sur nos solutions innovantes!<\/title>\n<meta name=\"description\" content=\"Demander de l&#039;information \u00e0 nos experts \u00e0 propos de nos solutions de comptage automatique et faites-en plus avec vos donn\u00e9es!\" \/>\n<meta name=\"robots\" content=\"noindex, nofollow\" \/>\n<meta property=\"og:locale\" content=\"fr_FR\" \/>\n<meta property=\"og:type\" content=\"article\" \/>\n<meta property=\"og:title\" content=\"Demande d&#039;informations\" \/>\n<meta property=\"og:description\" content=\"Questions ou projet \u00e0 d\u00e9marrer? N&#039;h\u00e9sitez pas \u00e0 nous donner davantage d\u2019informations sur vos projets ou \u00e0 poser vos questions concernant nos solutions\" \/>\n<meta property=\"og:url\" content=\"https:\/\/www.infodev.ca\/fr\/a-propos\/demande-d-informations\/\" \/>\n<meta property=\"og:site_name\" content=\"Infodev EDI inc\" \/>\n<meta property=\"article:publisher\" content=\"https:\/\/www.facebook.com\/infodev.edi\/\" \/>\n<meta property=\"article:modified_time\" content=\"2024-08-09T19:41:44+00:00\" \/>\n<script type=\"application\/ld+json\" class=\"yoast-schema-graph\">{\"@context\":\"https:\\\/\\\/schema.org\",\"@graph\":[{\"@type\":\"WebPage\",\"@id\":\"https:\\\/\\\/www.infodev.ca\\\/fr\\\/a-propos\\\/demande-d-informations\\\/\",\"url\":\"https:\\\/\\\/www.infodev.ca\\\/fr\\\/a-propos\\\/demande-d-informations\\\/\",\"name\":\"Infodev EDI inc - Posez toutes vos questions sur nos solutions innovantes!\",\"isPartOf\":{\"@id\":\"https:\\\/\\\/www.infodev.ca\\\/#website\"},\"primaryImageOfPage\":{\"@id\":\"https:\\\/\\\/www.infodev.ca\\\/fr\\\/a-propos\\\/demande-d-informations\\\/#primaryimage\"},\"image\":{\"@id\":\"https:\\\/\\\/www.infodev.ca\\\/fr\\\/a-propos\\\/demande-d-informations\\\/#primaryimage\"},\"thumbnailUrl\":\"https:\\\/\\\/www.infodev.ca\\\/wp-content\\\/uploads\\\/2017\\\/09\\\/Logo-Infodev-EDI-inc-EN.png\",\"datePublished\":\"2017-04-12T15:35:27+00:00\",\"dateModified\":\"2024-08-09T19:41:44+00:00\",\"description\":\"Demander de l'information \u00e0 nos experts \u00e0 propos de nos solutions de comptage automatique et faites-en plus avec vos donn\u00e9es!\",\"breadcrumb\":{\"@id\":\"https:\\\/\\\/www.infodev.ca\\\/fr\\\/a-propos\\\/demande-d-informations\\\/#breadcrumb\"},\"inLanguage\":\"fr-FR\",\"potentialAction\":[{\"@type\":\"ReadAction\",\"target\":[\"https:\\\/\\\/www.infodev.ca\\\/fr\\\/a-propos\\\/demande-d-informations\\\/\"]}]},{\"@type\":\"ImageObject\",\"inLanguage\":\"fr-FR\",\"@id\":\"https:\\\/\\\/www.infodev.ca\\\/fr\\\/a-propos\\\/demande-d-informations\\\/#primaryimage\",\"url\":\"https:\\\/\\\/www.infodev.ca\\\/wp-content\\\/uploads\\\/2017\\\/09\\\/Logo-Infodev-EDI-inc-EN.png\",\"contentUrl\":\"https:\\\/\\\/www.infodev.ca\\\/wp-content\\\/uploads\\\/2017\\\/09\\\/Logo-Infodev-EDI-inc-EN.png\",\"width\":1001,\"height\":478,\"caption\":\"Logo Infodev EDI inc- Electronic Designers International -English Version\"},{\"@type\":\"BreadcrumbList\",\"@id\":\"https:\\\/\\\/www.infodev.ca\\\/fr\\\/a-propos\\\/demande-d-informations\\\/#breadcrumb\",\"itemListElement\":[{\"@type\":\"ListItem\",\"position\":1,\"name\":\"Home\",\"item\":\"https:\\\/\\\/www.infodev.ca\\\/fr\\\/\"},{\"@type\":\"ListItem\",\"position\":2,\"name\":\"\u00c0 propos\",\"item\":\"https:\\\/\\\/www.infodev.ca\\\/about-infodev\\\/\"},{\"@type\":\"ListItem\",\"position\":3,\"name\":\"Demande d&#8217;informations\"}]},{\"@type\":\"WebSite\",\"@id\":\"https:\\\/\\\/www.infodev.ca\\\/#website\",\"url\":\"https:\\\/\\\/www.infodev.ca\\\/\",\"name\":\"Infodev EDI inc\",\"description\":\"Experts in APC solutions since 1993\",\"publisher\":{\"@id\":\"https:\\\/\\\/www.infodev.ca\\\/#organization\"},\"potentialAction\":[{\"@type\":\"SearchAction\",\"target\":{\"@type\":\"EntryPoint\",\"urlTemplate\":\"https:\\\/\\\/www.infodev.ca\\\/?s={search_term_string}\"},\"query-input\":{\"@type\":\"PropertyValueSpecification\",\"valueRequired\":true,\"valueName\":\"search_term_string\"}}],\"inLanguage\":\"fr-FR\"},{\"@type\":\"Organization\",\"@id\":\"https:\\\/\\\/www.infodev.ca\\\/#organization\",\"name\":\"Infodev EDI inc.\",\"url\":\"https:\\\/\\\/www.infodev.ca\\\/\",\"logo\":{\"@type\":\"ImageObject\",\"inLanguage\":\"fr-FR\",\"@id\":\"https:\\\/\\\/www.infodev.ca\\\/#\\\/schema\\\/logo\\\/image\\\/\",\"url\":\"https:\\\/\\\/www.infodev.ca\\\/wp-content\\\/uploads\\\/2021\\\/10\\\/Logo-infodev.png\",\"contentUrl\":\"https:\\\/\\\/www.infodev.ca\\\/wp-content\\\/uploads\\\/2021\\\/10\\\/Logo-infodev.png\",\"width\":2055,\"height\":798,\"caption\":\"Infodev EDI inc.\"},\"image\":{\"@id\":\"https:\\\/\\\/www.infodev.ca\\\/#\\\/schema\\\/logo\\\/image\\\/\"},\"sameAs\":[\"https:\\\/\\\/www.facebook.com\\\/infodev.edi\\\/\",\"https:\\\/\\\/www.linkedin.com\\\/company-beta\\\/157030\\\/\"]}]}<\/script>\n<!-- \/ Yoast SEO Premium plugin. -->","yoast_head_json":{"title":"Infodev EDI inc - Posez toutes vos questions sur nos solutions innovantes!","description":"Demander de l'information \u00e0 nos experts \u00e0 propos de nos solutions de comptage automatique et faites-en plus avec vos donn\u00e9es!","robots":{"index":"noindex","follow":"nofollow"},"og_locale":"fr_FR","og_type":"article","og_title":"Demande d'informations","og_description":"Questions ou projet \u00e0 d\u00e9marrer? N'h\u00e9sitez pas \u00e0 nous donner davantage d\u2019informations sur vos projets ou \u00e0 poser vos questions concernant nos solutions","og_url":"https:\/\/www.infodev.ca\/fr\/a-propos\/demande-d-informations\/","og_site_name":"Infodev EDI inc","article_publisher":"https:\/\/www.facebook.com\/infodev.edi\/","article_modified_time":"2024-08-09T19:41:44+00:00","schema":{"@context":"https:\/\/schema.org","@graph":[{"@type":"WebPage","@id":"https:\/\/www.infodev.ca\/fr\/a-propos\/demande-d-informations\/","url":"https:\/\/www.infodev.ca\/fr\/a-propos\/demande-d-informations\/","name":"Infodev EDI inc - Posez toutes vos questions sur nos solutions innovantes!","isPartOf":{"@id":"https:\/\/www.infodev.ca\/#website"},"primaryImageOfPage":{"@id":"https:\/\/www.infodev.ca\/fr\/a-propos\/demande-d-informations\/#primaryimage"},"image":{"@id":"https:\/\/www.infodev.ca\/fr\/a-propos\/demande-d-informations\/#primaryimage"},"thumbnailUrl":"https:\/\/www.infodev.ca\/wp-content\/uploads\/2017\/09\/Logo-Infodev-EDI-inc-EN.png","datePublished":"2017-04-12T15:35:27+00:00","dateModified":"2024-08-09T19:41:44+00:00","description":"Demander de l'information \u00e0 nos experts \u00e0 propos de nos solutions de comptage automatique et faites-en plus avec vos donn\u00e9es!","breadcrumb":{"@id":"https:\/\/www.infodev.ca\/fr\/a-propos\/demande-d-informations\/#breadcrumb"},"inLanguage":"fr-FR","potentialAction":[{"@type":"ReadAction","target":["https:\/\/www.infodev.ca\/fr\/a-propos\/demande-d-informations\/"]}]},{"@type":"ImageObject","inLanguage":"fr-FR","@id":"https:\/\/www.infodev.ca\/fr\/a-propos\/demande-d-informations\/#primaryimage","url":"https:\/\/www.infodev.ca\/wp-content\/uploads\/2017\/09\/Logo-Infodev-EDI-inc-EN.png","contentUrl":"https:\/\/www.infodev.ca\/wp-content\/uploads\/2017\/09\/Logo-Infodev-EDI-inc-EN.png","width":1001,"height":478,"caption":"Logo Infodev EDI inc- Electronic Designers International -English Version"},{"@type":"BreadcrumbList","@id":"https:\/\/www.infodev.ca\/fr\/a-propos\/demande-d-informations\/#breadcrumb","itemListElement":[{"@type":"ListItem","position":1,"name":"Home","item":"https:\/\/www.infodev.ca\/fr\/"},{"@type":"ListItem","position":2,"name":"\u00c0 propos","item":"https:\/\/www.infodev.ca\/about-infodev\/"},{"@type":"ListItem","position":3,"name":"Demande d&#8217;informations"}]},{"@type":"WebSite","@id":"https:\/\/www.infodev.ca\/#website","url":"https:\/\/www.infodev.ca\/","name":"Infodev EDI inc","description":"Experts in APC solutions since 1993","publisher":{"@id":"https:\/\/www.infodev.ca\/#organization"},"potentialAction":[{"@type":"SearchAction","target":{"@type":"EntryPoint","urlTemplate":"https:\/\/www.infodev.ca\/?s={search_term_string}"},"query-input":{"@type":"PropertyValueSpecification","valueRequired":true,"valueName":"search_term_string"}}],"inLanguage":"fr-FR"},{"@type":"Organization","@id":"https:\/\/www.infodev.ca\/#organization","name":"Infodev EDI inc.","url":"https:\/\/www.infodev.ca\/","logo":{"@type":"ImageObject","inLanguage":"fr-FR","@id":"https:\/\/www.infodev.ca\/#\/schema\/logo\/image\/","url":"https:\/\/www.infodev.ca\/wp-content\/uploads\/2021\/10\/Logo-infodev.png","contentUrl":"https:\/\/www.infodev.ca\/wp-content\/uploads\/2021\/10\/Logo-infodev.png","width":2055,"height":798,"caption":"Infodev EDI inc."},"image":{"@id":"https:\/\/www.infodev.ca\/#\/schema\/logo\/image\/"},"sameAs":["https:\/\/www.facebook.com\/infodev.edi\/","https:\/\/www.linkedin.com\/company-beta\/157030\/"]}]}},"_links":{"self":[{"href":"https:\/\/www.infodev.ca\/fr\/wp-json\/wp\/v2\/pages\/1633","targetHints":{"allow":["GET"]}}],"collection":[{"href":"https:\/\/www.infodev.ca\/fr\/wp-json\/wp\/v2\/pages"}],"about":[{"href":"https:\/\/www.infodev.ca\/fr\/wp-json\/wp\/v2\/types\/page"}],"author":[{"embeddable":true,"href":"https:\/\/www.infodev.ca\/fr\/wp-json\/wp\/v2\/users\/1"}],"replies":[{"embeddable":true,"href":"https:\/\/www.infodev.ca\/fr\/wp-json\/wp\/v2\/comments?post=1633"}],"version-history":[{"count":25,"href":"https:\/\/www.infodev.ca\/fr\/wp-json\/wp\/v2\/pages\/1633\/revisions"}],"predecessor-version":[{"id":13400,"href":"https:\/\/www.infodev.ca\/fr\/wp-json\/wp\/v2\/pages\/1633\/revisions\/13400"}],"up":[{"embeddable":true,"href":"https:\/\/www.infodev.ca\/fr\/wp-json\/wp\/v2\/pages\/1605"}],"wp:featuredmedia":[{"embeddable":true,"href":"https:\/\/www.infodev.ca\/fr\/wp-json\/wp\/v2\/media\/14129"}],"wp:attachment":[{"href":"https:\/\/www.infodev.ca\/fr\/wp-json\/wp\/v2\/media?parent=1633"}],"curies":[{"name":"wp","href":"https:\/\/api.w.org\/{rel}","templated":true}]}}