{"id":1660,"date":"2017-05-04T10:14:36","date_gmt":"2017-05-04T14:14:36","guid":{"rendered":"http:\/\/www3.infodev.ca\/products\/"},"modified":"2023-09-11T11:28:30","modified_gmt":"2023-09-11T15:28:30","slug":"produits","status":"publish","type":"page","link":"https:\/\/www.infodev.ca\/fr\/produits\/","title":{"rendered":"Produits"},"content":{"rendered":"\t\t<div data-elementor-type=\"wp-post\" data-elementor-id=\"1660\" class=\"elementor elementor-1660 elementor-622\" data-elementor-post-type=\"page\">\n\t\t\t\t\t\t<section class=\"elementor-section elementor-top-section elementor-element elementor-element-qdsdn9k elementor-section-boxed elementor-section-height-default elementor-section-height-default\" data-id=\"qdsdn9k\" data-element_type=\"section\" data-e-type=\"section\">\n\t\t\t\t\t\t<div class=\"elementor-container elementor-column-gap-default\">\n\t\t\t\t\t<div class=\"elementor-column elementor-col-100 elementor-top-column elementor-element elementor-element-fjv8yzg\" data-id=\"fjv8yzg\" data-element_type=\"column\" data-e-type=\"column\">\n\t\t\t<div class=\"elementor-widget-wrap elementor-element-populated\">\n\t\t\t\t\t\t<div class=\"elementor-element elementor-element-qss759o elementor-widget elementor-widget-heading\" data-id=\"qss759o\" data-element_type=\"widget\" data-e-type=\"widget\" data-widget_type=\"heading.default\">\n\t\t\t\t<div class=\"elementor-widget-container\">\n\t\t\t\t\t<h1 class=\"elementor-heading-title elementor-size-default\">Solution cl\u00e9 en main<\/h1>\t\t\t\t<\/div>\n\t\t\t\t<\/div>\n\t\t\t\t\t<\/div>\n\t\t<\/div>\n\t\t\t\t\t<\/div>\n\t\t<\/section>\n\t\t\t\t<section class=\"elementor-section elementor-top-section elementor-element elementor-element-lxuuoiw elementor-section-boxed elementor-section-height-default elementor-section-height-default\" data-id=\"lxuuoiw\" data-element_type=\"section\" data-e-type=\"section\">\n\t\t\t\t\t\t<div class=\"elementor-container elementor-column-gap-default\">\n\t\t\t\t\t<div class=\"elementor-column elementor-col-50 elementor-top-column elementor-element elementor-element-p8ju1xn\" data-id=\"p8ju1xn\" data-element_type=\"column\" data-e-type=\"column\">\n\t\t\t<div class=\"elementor-widget-wrap elementor-element-populated\">\n\t\t\t\t\t\t<div class=\"elementor-element elementor-element-vktg2ss elementor-widget elementor-widget-text-editor\" data-id=\"vktg2ss\" data-element_type=\"widget\" data-e-type=\"widget\" data-widget_type=\"text-editor.default\">\n\t\t\t\t<div class=\"elementor-widget-container\">\n\t\t\t\t\t\t\t\t\t<p>INFODEV EDI est fier de fournir une <strong>solution compl\u00e8te<\/strong> pour vos besoins de comptage. Non seulement nous pouvons vous fournir le mat\u00e9riel dont vous avez besoin pour compter les personnes dans les v\u00e9hicules ou les b\u00e2timents, mais nous pouvons \u00e9galement vous aider \u00e0 <strong>tirer le meilleur parti de vos donn\u00e9es\u00a0<\/strong> gr\u00e2ce \u00e0 notre solution logicielle compl\u00e8te. De plus, nos produits fabriqu\u00e9s en interne nous permettent de <strong>contribuer au succ\u00e8s de vos projets<\/strong> gr\u00e2ce \u00e0 un excellent service client.<\/p>\t\t\t\t\t\t\t\t<\/div>\n\t\t\t\t<\/div>\n\t\t\t\t\t<\/div>\n\t\t<\/div>\n\t\t\t\t<div class=\"elementor-column elementor-col-50 elementor-top-column elementor-element elementor-element-o1wim14\" data-id=\"o1wim14\" data-element_type=\"column\" data-e-type=\"column\">\n\t\t\t<div class=\"elementor-widget-wrap elementor-element-populated\">\n\t\t\t\t\t\t<div class=\"elementor-element elementor-element-kf7beca elementor-widget elementor-widget-image\" data-id=\"kf7beca\" data-element_type=\"widget\" data-e-type=\"widget\" data-widget_type=\"image.default\">\n\t\t\t\t<div class=\"elementor-widget-container\">\n\t\t\t\t\t\t\t\t\t\t\t\t\t\t\t<img decoding=\"async\" src=\"https:\/\/www.infodev.ca\/wp-content\/uploads\/elementor\/thumbs\/Infodev-EDI-inc-transit-awards-nef0h8sebtqjwa4608hw66aytzpvmcqcv4subibi6c.jpg\" title=\"Infodev EDI inc transit awards\" alt=\"Awards to Infodev EDI inc for their accomplishments\" loading=\"lazy\" \/>\t\t\t\t\t\t\t\t\t\t\t\t\t\t\t<\/div>\n\t\t\t\t<\/div>\n\t\t\t\t\t<\/div>\n\t\t<\/div>\n\t\t\t\t\t<\/div>\n\t\t<\/section>\n\t\t\t\t<section class=\"elementor-section elementor-top-section elementor-element elementor-element-or1z01w elementor-section-stretched elementor-section-boxed elementor-section-height-default elementor-section-height-default\" data-id=\"or1z01w\" data-element_type=\"section\" data-e-type=\"section\" data-settings=\"{&quot;stretch_section&quot;:&quot;section-stretched&quot;,&quot;background_background&quot;:&quot;classic&quot;}\">\n\t\t\t\t\t\t<div class=\"elementor-container elementor-column-gap-default\">\n\t\t\t\t\t<div class=\"elementor-column elementor-col-100 elementor-top-column elementor-element elementor-element-mdeir8q\" data-id=\"mdeir8q\" data-element_type=\"column\" data-e-type=\"column\">\n\t\t\t<div class=\"elementor-widget-wrap elementor-element-populated\">\n\t\t\t\t\t\t<div class=\"elementor-element elementor-element-4kc90zw elementor-widget elementor-widget-text-editor\" data-id=\"4kc90zw\" data-element_type=\"widget\" data-e-type=\"widget\" data-widget_type=\"text-editor.default\">\n\t\t\t\t<div class=\"elementor-widget-container\">\n\t\t\t\t\t\t\t\t\t<p>INFODEV EDI est un <strong>v\u00e9ritable innovateur. <\/strong>\u00a0Nous concevons et fabriquons l&rsquo;\u00e9lectronique, l&rsquo;optique, l&rsquo;ensemble m\u00e9canique et les logiciels. Nos syst\u00e8mes sont pr\u00e9cis, restent\u00a0 <strong>exacts<\/strong> et sont\u00a0 <strong>toujours pr\u00e9cis<\/strong>.<\/p>\t\t\t\t\t\t\t\t<\/div>\n\t\t\t\t<\/div>\n\t\t\t\t\t<\/div>\n\t\t<\/div>\n\t\t\t\t\t<\/div>\n\t\t<\/section>\n\t\t\t\t<section class=\"elementor-section elementor-top-section elementor-element elementor-element-czsyrsx elementor-section-boxed elementor-section-height-default elementor-section-height-default\" data-id=\"czsyrsx\" data-element_type=\"section\" data-e-type=\"section\">\n\t\t\t\t\t\t<div class=\"elementor-container elementor-column-gap-default\">\n\t\t\t\t\t<div class=\"elementor-column elementor-col-100 elementor-top-column elementor-element elementor-element-tquzskq\" data-id=\"tquzskq\" data-element_type=\"column\" data-e-type=\"column\">\n\t\t\t<div class=\"elementor-widget-wrap elementor-element-populated\">\n\t\t\t\t\t\t<div class=\"elementor-element elementor-element-00n3i19 elementor-widget elementor-widget-spacer\" data-id=\"00n3i19\" data-element_type=\"widget\" data-e-type=\"widget\" data-widget_type=\"spacer.default\">\n\t\t\t\t<div class=\"elementor-widget-container\">\n\t\t\t\t\t\t\t<div class=\"elementor-spacer\">\n\t\t\t<div class=\"elementor-spacer-inner\"><\/div>\n\t\t<\/div>\n\t\t\t\t\t\t<\/div>\n\t\t\t\t<\/div>\n\t\t\t\t\t<\/div>\n\t\t<\/div>\n\t\t\t\t\t<\/div>\n\t\t<\/section>\n\t\t\t\t<section class=\"elementor-section elementor-top-section elementor-element elementor-element-kszr7dg elementor-section-boxed elementor-section-height-default elementor-section-height-default\" data-id=\"kszr7dg\" data-element_type=\"section\" data-e-type=\"section\">\n\t\t\t\t\t\t<div class=\"elementor-container elementor-column-gap-default\">\n\t\t\t\t\t<div class=\"elementor-column elementor-col-33 elementor-top-column elementor-element elementor-element-tsdrupc\" data-id=\"tsdrupc\" data-element_type=\"column\" data-e-type=\"column\">\n\t\t\t<div class=\"elementor-widget-wrap elementor-element-populated\">\n\t\t\t\t\t\t<div class=\"elementor-element elementor-element-1245vv1 elementor-widget elementor-widget-image\" data-id=\"1245vv1\" data-element_type=\"widget\" data-e-type=\"widget\" data-widget_type=\"image.default\">\n\t\t\t\t<div class=\"elementor-widget-container\">\n\t\t\t\t\t\t\t\t\t\t\t\t\t\t\t<img decoding=\"async\" src=\"https:\/\/www.infodev.ca\/wp-content\/uploads\/elementor\/thumbs\/GW-400-product-1-pfx5x0l5s6d7d12kwg7axoytjae340vpg4lvv23bp8.png\" title=\"GW 400 (product)\" alt=\"GW-400 - Communication GW by Infodev\" loading=\"lazy\" \/>\t\t\t\t\t\t\t\t\t\t\t\t\t\t\t<\/div>\n\t\t\t\t<\/div>\n\t\t\t\t<div class=\"elementor-element elementor-element-dri2y08 elementor-widget elementor-widget-text-editor\" data-id=\"dri2y08\" data-element_type=\"widget\" data-e-type=\"widget\" data-widget_type=\"text-editor.default\">\n\t\t\t\t<div class=\"elementor-widget-container\">\n\t\t\t\t\t\t\t\t\t<p style=\"text-align: center;\">Explorez nos <strong>solutions pour le \u00a0transport en commun <\/strong>et d\u00e9couvrez comment nous \u00e9tablissons <strong>de nouvelles normes<\/strong> dans le secteur du comptage de passagers.<\/p>\t\t\t\t\t\t\t\t<\/div>\n\t\t\t\t<\/div>\n\t\t\t\t<div class=\"elementor-element elementor-element-2491eee elementor-align-center elementor-widget elementor-widget-button\" data-id=\"2491eee\" data-element_type=\"widget\" data-e-type=\"widget\" data-widget_type=\"button.default\">\n\t\t\t\t<div class=\"elementor-widget-container\">\n\t\t\t\t\t\t\t\t\t<div class=\"elementor-button-wrapper\">\n\t\t\t\t\t<a class=\"elementor-button elementor-button-link elementor-size-sm\" href=\"https:\/\/www.infodev.ca\/fr\/produits\/da-series-capteurs-comptage\/\">\n\t\t\t\t\t\t<span class=\"elementor-button-content-wrapper\">\n\t\t\t\t\t\t\t\t\t<span class=\"elementor-button-text\">Capteurs de comptage<\/span>\n\t\t\t\t\t<\/span>\n\t\t\t\t\t<\/a>\n\t\t\t\t<\/div>\n\t\t\t\t\t\t\t\t<\/div>\n\t\t\t\t<\/div>\n\t\t\t\t<div class=\"elementor-element elementor-element-bc8529e elementor-align-center elementor-widget elementor-widget-button\" data-id=\"bc8529e\" data-element_type=\"widget\" data-e-type=\"widget\" data-widget_type=\"button.default\">\n\t\t\t\t<div class=\"elementor-widget-container\">\n\t\t\t\t\t\t\t\t\t<div class=\"elementor-button-wrapper\">\n\t\t\t\t\t<a class=\"elementor-button elementor-button-link elementor-size-sm\" href=\"https:\/\/www.infodev.ca\/fr\/produits\/gateway-series\/\">\n\t\t\t\t\t\t<span class=\"elementor-button-content-wrapper\">\n\t\t\t\t\t\t\t\t\t<span class=\"elementor-button-text\">Ordinateurs de comptage<\/span>\n\t\t\t\t\t<\/span>\n\t\t\t\t\t<\/a>\n\t\t\t\t<\/div>\n\t\t\t\t\t\t\t\t<\/div>\n\t\t\t\t<\/div>\n\t\t\t\t\t<\/div>\n\t\t<\/div>\n\t\t\t\t<div class=\"elementor-column elementor-col-33 elementor-top-column elementor-element elementor-element-y26sw6u\" data-id=\"y26sw6u\" data-element_type=\"column\" data-e-type=\"column\">\n\t\t\t<div class=\"elementor-widget-wrap elementor-element-populated\">\n\t\t\t\t\t\t<div class=\"elementor-element elementor-element-o9dj5bw elementor-widget elementor-widget-image\" data-id=\"o9dj5bw\" data-element_type=\"widget\" data-e-type=\"widget\" data-widget_type=\"image.default\">\n\t\t\t\t<div class=\"elementor-widget-container\">\n\t\t\t\t\t\t\t\t\t\t\t\t\t\t\t<img decoding=\"async\" src=\"https:\/\/www.infodev.ca\/wp-content\/uploads\/2017\/04\/20.jpg\" title=\"\" alt=\"\" loading=\"lazy\" \/>\t\t\t\t\t\t\t\t\t\t\t\t\t\t\t<\/div>\n\t\t\t\t<\/div>\n\t\t\t\t<div class=\"elementor-element elementor-element-2vx8cgk elementor-widget elementor-widget-text-editor\" data-id=\"2vx8cgk\" data-element_type=\"widget\" data-e-type=\"widget\" data-widget_type=\"text-editor.default\">\n\t\t\t\t<div class=\"elementor-widget-container\">\n\t\t\t\t\t\t\t\t\t<div class=\"elementor-element elementor-element-vf0i5lj elementor-widget elementor-widget-text-editor\" data-id=\"vf0i5lj\" data-element_type=\"text-editor.default\"><div class=\"elementor-widget-container\"><div class=\"elementor-text-editor elementor-clearfix\">Nous avons d\u00e9velopp\u00e9 une <strong>suite compl\u00e8te d&rsquo;applications modulaires en ligne<\/strong> pour la gestion, l&rsquo;exploitation et le diagnostic du syst\u00e8me de comptage de passagers.<\/div><\/div><\/div>\t\t\t\t\t\t\t\t<\/div>\n\t\t\t\t<\/div>\n\t\t\t\t<div class=\"elementor-element elementor-element-6f7a8f1 elementor-align-center elementor-widget elementor-widget-button\" data-id=\"6f7a8f1\" data-element_type=\"widget\" data-e-type=\"widget\" data-widget_type=\"button.default\">\n\t\t\t\t<div class=\"elementor-widget-container\">\n\t\t\t\t\t\t\t\t\t<div class=\"elementor-button-wrapper\">\n\t\t\t\t\t<a class=\"elementor-button elementor-button-link elementor-size-sm\" href=\"http:\/\/www.insoftresearch.com\">\n\t\t\t\t\t\t<span class=\"elementor-button-content-wrapper\">\n\t\t\t\t\t\t\t\t\t<span class=\"elementor-button-text\">Logiciel &amp; Apps<\/span>\n\t\t\t\t\t<\/span>\n\t\t\t\t\t<\/a>\n\t\t\t\t<\/div>\n\t\t\t\t\t\t\t\t<\/div>\n\t\t\t\t<\/div>\n\t\t\t\t\t<\/div>\n\t\t<\/div>\n\t\t\t\t<div class=\"elementor-column elementor-col-33 elementor-top-column elementor-element elementor-element-m6ct34b\" data-id=\"m6ct34b\" data-element_type=\"column\" data-e-type=\"column\">\n\t\t\t<div class=\"elementor-widget-wrap elementor-element-populated\">\n\t\t\t\t\t\t<div class=\"elementor-element elementor-element-70nl3zn elementor-widget elementor-widget-image\" data-id=\"70nl3zn\" data-element_type=\"widget\" data-e-type=\"widget\" data-widget_type=\"image.default\">\n\t\t\t\t<div class=\"elementor-widget-container\">\n\t\t\t\t\t\t\t\t\t\t\t\t\t\t\t<img decoding=\"async\" src=\"https:\/\/www.infodev.ca\/wp-content\/uploads\/2018\/07\/rawpixel-684809-unsplash.jpg\" title=\"\" alt=\"\" loading=\"lazy\" \/>\t\t\t\t\t\t\t\t\t\t\t\t\t\t\t<\/div>\n\t\t\t\t<\/div>\n\t\t\t\t<div class=\"elementor-element elementor-element-hljpp28 elementor-widget elementor-widget-text-editor\" data-id=\"hljpp28\" data-element_type=\"widget\" data-e-type=\"widget\" data-widget_type=\"text-editor.default\">\n\t\t\t\t<div class=\"elementor-widget-container\">\n\t\t\t\t\t\t\t\t\t<p style=\"text-align: center;\">Nous nous <strong>engageons \u00e0 comprendre<\/strong> \u00a0les <strong>besoins<\/strong> et <strong>les attentes<\/strong> de nos clients afin de leur fournir des produits et services qui r\u00e9pondent ou d\u00e9passent leurs exigences.\u00a0<\/p>\t\t\t\t\t\t\t\t<\/div>\n\t\t\t\t<\/div>\n\t\t\t\t<div class=\"elementor-element elementor-element-wr1ksjg elementor-align-center elementor-icon-list--layout-traditional elementor-list-item-link-full_width elementor-widget elementor-widget-icon-list\" data-id=\"wr1ksjg\" data-element_type=\"widget\" data-e-type=\"widget\" data-widget_type=\"icon-list.default\">\n\t\t\t\t<div class=\"elementor-widget-container\">\n\t\t\t\t\t\t\t<ul class=\"elementor-icon-list-items\">\n\t\t\t\t\t\t\t<li class=\"elementor-icon-list-item\">\n\t\t\t\t\t\t\t\t\t\t\t<span class=\"elementor-icon-list-icon\">\n\t\t\t\t\t\t\t\t\t\t\t\t\t\t\t\t<i class=\"fa fa-check\" aria-hidden=\"true\"><\/i>\n\t\t\t\t\t\t\t\t\t\t\t\t\t<\/span>\n\t\t\t\t\t\t\t\t\t\t<span class=\"elementor-icon-list-text\">Services<\/span>\n\t\t\t\t\t\t\t\t\t<\/li>\n\t\t\t\t\t\t<\/ul>\n\t\t\t\t\t\t<\/div>\n\t\t\t\t<\/div>\n\t\t\t\t\t<\/div>\n\t\t<\/div>\n\t\t\t\t\t<\/div>\n\t\t<\/section>\n\t\t\t\t<section class=\"elementor-section elementor-top-section elementor-element elementor-element-yshd1ax elementor-section-boxed elementor-section-height-default elementor-section-height-default\" data-id=\"yshd1ax\" data-element_type=\"section\" data-e-type=\"section\">\n\t\t\t\t\t\t<div class=\"elementor-container elementor-column-gap-default\">\n\t\t\t\t\t<div class=\"elementor-column elementor-col-100 elementor-top-column elementor-element elementor-element-ua05rhp\" data-id=\"ua05rhp\" data-element_type=\"column\" data-e-type=\"column\">\n\t\t\t<div class=\"elementor-widget-wrap elementor-element-populated\">\n\t\t\t\t\t\t<div class=\"elementor-element elementor-element-d90d839 elementor-widget-divider--view-line elementor-widget elementor-widget-divider\" data-id=\"d90d839\" data-element_type=\"widget\" data-e-type=\"widget\" data-widget_type=\"divider.default\">\n\t\t\t\t<div class=\"elementor-widget-container\">\n\t\t\t\t\t\t\t<div class=\"elementor-divider\">\n\t\t\t<span class=\"elementor-divider-separator\">\n\t\t\t\t\t\t<\/span>\n\t\t<\/div>\n\t\t\t\t\t\t<\/div>\n\t\t\t\t<\/div>\n\t\t\t\t<div class=\"elementor-element elementor-element-icbv719 elementor-align-center elementor-widget elementor-widget-button\" data-id=\"icbv719\" data-element_type=\"widget\" data-e-type=\"widget\" data-widget_type=\"button.default\">\n\t\t\t\t<div class=\"elementor-widget-container\">\n\t\t\t\t\t\t\t\t\t<div class=\"elementor-button-wrapper\">\n\t\t\t\t\t<a class=\"elementor-button elementor-button-link elementor-size-lg\" href=\"https:\/\/www.infodev.ca\/fr\/a-propos\/demande-d-informations\/\">\n\t\t\t\t\t\t<span class=\"elementor-button-content-wrapper\">\n\t\t\t\t\t\t\t\t\t<span class=\"elementor-button-text\">Contactez-nous aujourd'hui<\/span>\n\t\t\t\t\t<\/span>\n\t\t\t\t\t<\/a>\n\t\t\t\t<\/div>\n\t\t\t\t\t\t\t\t<\/div>\n\t\t\t\t<\/div>\n\t\t\t\t\t<\/div>\n\t\t<\/div>\n\t\t\t\t\t<\/div>\n\t\t<\/section>\n\t\t\t\t<\/div>\n\t\t","protected":false},"excerpt":{"rendered":"<p>Solution cl\u00e9 en main INFODEV EDI est fier de fournir une solution compl\u00e8te pour vos besoins de comptage. Non seulement nous pouvons vous fournir le mat\u00e9riel dont vous avez besoin pour compter les personnes dans les v\u00e9hicules ou les b\u00e2timents, mais nous pouvons \u00e9galement vous aider \u00e0 tirer le meilleur parti de vos donn\u00e9es\u00a0 gr\u00e2ce [&hellip;]<\/p>\n","protected":false},"author":2,"featured_media":0,"parent":0,"menu_order":0,"comment_status":"closed","ping_status":"closed","template":"","meta":{"_monsterinsights_skip_tracking":false,"_monsterinsights_sitenote_active":false,"_monsterinsights_sitenote_note":"","_monsterinsights_sitenote_category":0,"footnotes":""},"class_list":["post-1660","page","type-page","status-publish","hentry"],"yoast_head":"<!-- This site is optimized with the Yoast SEO Premium plugin v27.3 (Yoast SEO v27.4) - https:\/\/yoast.com\/product\/yoast-seo-premium-wordpress\/ -->\n<title>INFODEV EDI inc - Solution compl\u00e8te pour vos besoins de comptage<\/title>\n<meta name=\"description\" content=\"D\u00e9couvrez nos solutions compl\u00e8tes pour le comptage de passagers. De la cr\u00e9ation des produits, au d\u00e9veloppement des logiciels, \u00e0 l&#039;installation\" \/>\n<meta name=\"robots\" content=\"index, follow, max-snippet:-1, max-image-preview:large, max-video-preview:-1\" \/>\n<link rel=\"canonical\" href=\"https:\/\/www.infodev.ca\/products\/\" \/>\n<meta property=\"og:locale\" content=\"fr_FR\" \/>\n<meta property=\"og:type\" content=\"article\" \/>\n<meta property=\"og:title\" content=\"Produits\" \/>\n<meta property=\"og:description\" content=\"Solution cl\u00e9 en main INFODEV EDI est fier de fournir une solution compl\u00e8te pour vos besoins de comptage. Non seulement nous pouvons vous fournir le\" \/>\n<meta property=\"og:url\" content=\"https:\/\/www.infodev.ca\/products\/\" \/>\n<meta property=\"og:site_name\" content=\"Infodev EDI inc\" \/>\n<meta property=\"article:publisher\" content=\"https:\/\/www.facebook.com\/infodev.edi\/\" \/>\n<meta property=\"article:modified_time\" content=\"2023-09-11T15:28:30+00:00\" \/>\n<meta property=\"og:image\" content=\"https:\/\/www.infodev.ca\/wp-content\/uploads\/elementor\/thumbs\/Infodev-EDI-inc-transit-awards-nef0h8sebtqjwa4608hw66aytzpvmcqcv4subibi6c.jpg\" \/>\n<script type=\"application\/ld+json\" class=\"yoast-schema-graph\">{\"@context\":\"https:\\\/\\\/schema.org\",\"@graph\":[{\"@type\":\"WebPage\",\"@id\":\"https:\\\/\\\/www.infodev.ca\\\/products\\\/\",\"url\":\"https:\\\/\\\/www.infodev.ca\\\/products\\\/\",\"name\":\"INFODEV EDI inc - Solution compl\u00e8te pour vos besoins de comptage\",\"isPartOf\":{\"@id\":\"https:\\\/\\\/www.infodev.ca\\\/#website\"},\"primaryImageOfPage\":{\"@id\":\"https:\\\/\\\/www.infodev.ca\\\/products\\\/#primaryimage\"},\"image\":{\"@id\":\"https:\\\/\\\/www.infodev.ca\\\/products\\\/#primaryimage\"},\"thumbnailUrl\":\"https:\\\/\\\/www.infodev.ca\\\/wp-content\\\/uploads\\\/elementor\\\/thumbs\\\/Infodev-EDI-inc-transit-awards-nef0h8sebtqjwa4608hw66aytzpvmcqcv4subibi6c.jpg\",\"datePublished\":\"2017-05-04T14:14:36+00:00\",\"dateModified\":\"2023-09-11T15:28:30+00:00\",\"description\":\"D\u00e9couvrez nos solutions compl\u00e8tes pour le comptage de passagers. De la cr\u00e9ation des produits, au d\u00e9veloppement des logiciels, \u00e0 l'installation\",\"breadcrumb\":{\"@id\":\"https:\\\/\\\/www.infodev.ca\\\/products\\\/#breadcrumb\"},\"inLanguage\":\"fr-FR\",\"potentialAction\":[{\"@type\":\"ReadAction\",\"target\":[\"https:\\\/\\\/www.infodev.ca\\\/products\\\/\"]}]},{\"@type\":\"ImageObject\",\"inLanguage\":\"fr-FR\",\"@id\":\"https:\\\/\\\/www.infodev.ca\\\/products\\\/#primaryimage\",\"url\":\"https:\\\/\\\/www.infodev.ca\\\/wp-content\\\/uploads\\\/elementor\\\/thumbs\\\/Infodev-EDI-inc-transit-awards-nef0h8sebtqjwa4608hw66aytzpvmcqcv4subibi6c.jpg\",\"contentUrl\":\"https:\\\/\\\/www.infodev.ca\\\/wp-content\\\/uploads\\\/elementor\\\/thumbs\\\/Infodev-EDI-inc-transit-awards-nef0h8sebtqjwa4608hw66aytzpvmcqcv4subibi6c.jpg\"},{\"@type\":\"BreadcrumbList\",\"@id\":\"https:\\\/\\\/www.infodev.ca\\\/products\\\/#breadcrumb\",\"itemListElement\":[{\"@type\":\"ListItem\",\"position\":1,\"name\":\"Home\",\"item\":\"https:\\\/\\\/www.infodev.ca\\\/fr\\\/\"},{\"@type\":\"ListItem\",\"position\":2,\"name\":\"Produits\"}]},{\"@type\":\"WebSite\",\"@id\":\"https:\\\/\\\/www.infodev.ca\\\/#website\",\"url\":\"https:\\\/\\\/www.infodev.ca\\\/\",\"name\":\"Infodev EDI inc\",\"description\":\"Experts in APC solutions since 1993\",\"publisher\":{\"@id\":\"https:\\\/\\\/www.infodev.ca\\\/#organization\"},\"potentialAction\":[{\"@type\":\"SearchAction\",\"target\":{\"@type\":\"EntryPoint\",\"urlTemplate\":\"https:\\\/\\\/www.infodev.ca\\\/?s={search_term_string}\"},\"query-input\":{\"@type\":\"PropertyValueSpecification\",\"valueRequired\":true,\"valueName\":\"search_term_string\"}}],\"inLanguage\":\"fr-FR\"},{\"@type\":\"Organization\",\"@id\":\"https:\\\/\\\/www.infodev.ca\\\/#organization\",\"name\":\"Infodev EDI inc.\",\"url\":\"https:\\\/\\\/www.infodev.ca\\\/\",\"logo\":{\"@type\":\"ImageObject\",\"inLanguage\":\"fr-FR\",\"@id\":\"https:\\\/\\\/www.infodev.ca\\\/#\\\/schema\\\/logo\\\/image\\\/\",\"url\":\"https:\\\/\\\/www.infodev.ca\\\/wp-content\\\/uploads\\\/2021\\\/10\\\/Logo-infodev.png\",\"contentUrl\":\"https:\\\/\\\/www.infodev.ca\\\/wp-content\\\/uploads\\\/2021\\\/10\\\/Logo-infodev.png\",\"width\":2055,\"height\":798,\"caption\":\"Infodev EDI inc.\"},\"image\":{\"@id\":\"https:\\\/\\\/www.infodev.ca\\\/#\\\/schema\\\/logo\\\/image\\\/\"},\"sameAs\":[\"https:\\\/\\\/www.facebook.com\\\/infodev.edi\\\/\",\"https:\\\/\\\/www.linkedin.com\\\/company-beta\\\/157030\\\/\"]}]}<\/script>\n<!-- \/ Yoast SEO Premium plugin. -->","yoast_head_json":{"title":"INFODEV EDI inc - Solution compl\u00e8te pour vos besoins de comptage","description":"D\u00e9couvrez nos solutions compl\u00e8tes pour le comptage de passagers. De la cr\u00e9ation des produits, au d\u00e9veloppement des logiciels, \u00e0 l'installation","robots":{"index":"index","follow":"follow","max-snippet":"max-snippet:-1","max-image-preview":"max-image-preview:large","max-video-preview":"max-video-preview:-1"},"canonical":"https:\/\/www.infodev.ca\/products\/","og_locale":"fr_FR","og_type":"article","og_title":"Produits","og_description":"Solution cl\u00e9 en main INFODEV EDI est fier de fournir une solution compl\u00e8te pour vos besoins de comptage. Non seulement nous pouvons vous fournir le","og_url":"https:\/\/www.infodev.ca\/products\/","og_site_name":"Infodev EDI inc","article_publisher":"https:\/\/www.facebook.com\/infodev.edi\/","article_modified_time":"2023-09-11T15:28:30+00:00","og_image":[{"url":"https:\/\/www.infodev.ca\/wp-content\/uploads\/elementor\/thumbs\/Infodev-EDI-inc-transit-awards-nef0h8sebtqjwa4608hw66aytzpvmcqcv4subibi6c.jpg","type":"","width":"","height":""}],"schema":{"@context":"https:\/\/schema.org","@graph":[{"@type":"WebPage","@id":"https:\/\/www.infodev.ca\/products\/","url":"https:\/\/www.infodev.ca\/products\/","name":"INFODEV EDI inc - Solution compl\u00e8te pour vos besoins de comptage","isPartOf":{"@id":"https:\/\/www.infodev.ca\/#website"},"primaryImageOfPage":{"@id":"https:\/\/www.infodev.ca\/products\/#primaryimage"},"image":{"@id":"https:\/\/www.infodev.ca\/products\/#primaryimage"},"thumbnailUrl":"https:\/\/www.infodev.ca\/wp-content\/uploads\/elementor\/thumbs\/Infodev-EDI-inc-transit-awards-nef0h8sebtqjwa4608hw66aytzpvmcqcv4subibi6c.jpg","datePublished":"2017-05-04T14:14:36+00:00","dateModified":"2023-09-11T15:28:30+00:00","description":"D\u00e9couvrez nos solutions compl\u00e8tes pour le comptage de passagers. De la cr\u00e9ation des produits, au d\u00e9veloppement des logiciels, \u00e0 l'installation","breadcrumb":{"@id":"https:\/\/www.infodev.ca\/products\/#breadcrumb"},"inLanguage":"fr-FR","potentialAction":[{"@type":"ReadAction","target":["https:\/\/www.infodev.ca\/products\/"]}]},{"@type":"ImageObject","inLanguage":"fr-FR","@id":"https:\/\/www.infodev.ca\/products\/#primaryimage","url":"https:\/\/www.infodev.ca\/wp-content\/uploads\/elementor\/thumbs\/Infodev-EDI-inc-transit-awards-nef0h8sebtqjwa4608hw66aytzpvmcqcv4subibi6c.jpg","contentUrl":"https:\/\/www.infodev.ca\/wp-content\/uploads\/elementor\/thumbs\/Infodev-EDI-inc-transit-awards-nef0h8sebtqjwa4608hw66aytzpvmcqcv4subibi6c.jpg"},{"@type":"BreadcrumbList","@id":"https:\/\/www.infodev.ca\/products\/#breadcrumb","itemListElement":[{"@type":"ListItem","position":1,"name":"Home","item":"https:\/\/www.infodev.ca\/fr\/"},{"@type":"ListItem","position":2,"name":"Produits"}]},{"@type":"WebSite","@id":"https:\/\/www.infodev.ca\/#website","url":"https:\/\/www.infodev.ca\/","name":"Infodev EDI inc","description":"Experts in APC solutions since 1993","publisher":{"@id":"https:\/\/www.infodev.ca\/#organization"},"potentialAction":[{"@type":"SearchAction","target":{"@type":"EntryPoint","urlTemplate":"https:\/\/www.infodev.ca\/?s={search_term_string}"},"query-input":{"@type":"PropertyValueSpecification","valueRequired":true,"valueName":"search_term_string"}}],"inLanguage":"fr-FR"},{"@type":"Organization","@id":"https:\/\/www.infodev.ca\/#organization","name":"Infodev EDI inc.","url":"https:\/\/www.infodev.ca\/","logo":{"@type":"ImageObject","inLanguage":"fr-FR","@id":"https:\/\/www.infodev.ca\/#\/schema\/logo\/image\/","url":"https:\/\/www.infodev.ca\/wp-content\/uploads\/2021\/10\/Logo-infodev.png","contentUrl":"https:\/\/www.infodev.ca\/wp-content\/uploads\/2021\/10\/Logo-infodev.png","width":2055,"height":798,"caption":"Infodev EDI inc."},"image":{"@id":"https:\/\/www.infodev.ca\/#\/schema\/logo\/image\/"},"sameAs":["https:\/\/www.facebook.com\/infodev.edi\/","https:\/\/www.linkedin.com\/company-beta\/157030\/"]}]}},"_links":{"self":[{"href":"https:\/\/www.infodev.ca\/fr\/wp-json\/wp\/v2\/pages\/1660","targetHints":{"allow":["GET"]}}],"collection":[{"href":"https:\/\/www.infodev.ca\/fr\/wp-json\/wp\/v2\/pages"}],"about":[{"href":"https:\/\/www.infodev.ca\/fr\/wp-json\/wp\/v2\/types\/page"}],"author":[{"embeddable":true,"href":"https:\/\/www.infodev.ca\/fr\/wp-json\/wp\/v2\/users\/2"}],"replies":[{"embeddable":true,"href":"https:\/\/www.infodev.ca\/fr\/wp-json\/wp\/v2\/comments?post=1660"}],"version-history":[{"count":58,"href":"https:\/\/www.infodev.ca\/fr\/wp-json\/wp\/v2\/pages\/1660\/revisions"}],"predecessor-version":[{"id":11652,"href":"https:\/\/www.infodev.ca\/fr\/wp-json\/wp\/v2\/pages\/1660\/revisions\/11652"}],"wp:attachment":[{"href":"https:\/\/www.infodev.ca\/fr\/wp-json\/wp\/v2\/media?parent=1660"}],"curies":[{"name":"wp","href":"https:\/\/api.w.org\/{rel}","templated":true}]}}