{"id":3311,"date":"2017-12-14T08:44:11","date_gmt":"2017-12-14T13:44:11","guid":{"rendered":"http:\/\/www.infodev.ca\/vavs\/"},"modified":"2019-11-18T11:12:38","modified_gmt":"2019-11-18T16:12:38","slug":"vavs","status":"publish","type":"page","link":"https:\/\/www.infodev.ca\/fr\/vavs\/","title":{"rendered":"vavs"},"content":{"rendered":"\t\t<div data-elementor-type=\"wp-post\" data-elementor-id=\"3311\" class=\"elementor elementor-3311 elementor-3290\" data-elementor-post-type=\"page\">\n\t\t\t\t\t\t<section class=\"elementor-section elementor-top-section elementor-element elementor-element-699ac55 elementor-section-boxed elementor-section-height-default elementor-section-height-default\" data-id=\"699ac55\" data-element_type=\"section\" data-e-type=\"section\">\n\t\t\t\t\t\t<div class=\"elementor-container elementor-column-gap-default\">\n\t\t\t\t\t<div class=\"elementor-column elementor-col-100 elementor-top-column elementor-element elementor-element-868a4b6\" data-id=\"868a4b6\" data-element_type=\"column\" data-e-type=\"column\">\n\t\t\t<div class=\"elementor-widget-wrap elementor-element-populated\">\n\t\t\t\t\t\t<div class=\"elementor-element elementor-element-b0d7327 elementor-widget elementor-widget-heading\" data-id=\"b0d7327\" data-element_type=\"widget\" data-e-type=\"widget\" data-widget_type=\"heading.default\">\n\t\t\t\t<div class=\"elementor-widget-container\">\n\t\t\t\t\t<h1 class=\"elementor-heading-title elementor-size-default\">V\u00e9rification de la pr\u00e9cision par Syst\u00e8me de validation vid\u00e9o<\/h1>\t\t\t\t<\/div>\n\t\t\t\t<\/div>\n\t\t\t\t<div class=\"elementor-element elementor-element-091cff3 elementor-widget elementor-widget-text-editor\" data-id=\"091cff3\" data-element_type=\"widget\" data-e-type=\"widget\" data-widget_type=\"text-editor.default\">\n\t\t\t\t<div class=\"elementor-widget-container\">\n\t\t\t\t\t\t\t\t\t<p>Infodev EDI est le leader de la pr\u00e9cision brute avec ses compteurs automatiques de passagers depuis de nombreuses ann\u00e9es. Notre technologie de capteurs compte les embarquements et les d\u00e9barquements simultan\u00e9s avec une pr\u00e9cision de 97,5% \u00e0 99,5% dans tous les types de v\u00e9hicules. Vous remarquerez que notre technologie n&rsquo;est pas affect\u00e9e par la lumi\u00e8re ambiante ou la vitesse de passage.<\/p>\t\t\t\t\t\t\t\t<\/div>\n\t\t\t\t<\/div>\n\t\t\t\t<div class=\"elementor-element elementor-element-ff660c4 elementor-widget elementor-widget-heading\" data-id=\"ff660c4\" data-element_type=\"widget\" data-e-type=\"widget\" data-widget_type=\"heading.default\">\n\t\t\t\t<div class=\"elementor-widget-container\">\n\t\t\t\t\t<h4 class=\"elementor-heading-title elementor-size-default\">Comment avons-nous obtenu (et valid\u00e9) notre pr\u00e9cision de 97,5% \u00e0 99,5% au fil des ans?<\/h4>\t\t\t\t<\/div>\n\t\t\t\t<\/div>\n\t\t\t\t<div class=\"elementor-element elementor-element-4746e4c elementor-widget elementor-widget-text-editor\" data-id=\"4746e4c\" data-element_type=\"widget\" data-e-type=\"widget\" data-widget_type=\"text-editor.default\">\n\t\t\t\t<div class=\"elementor-widget-container\">\n\t\t\t\t\t\t\t\t\t<p style=\"text-align: center;\">Infodev EDI inc. utilise des syst\u00e8mes <strong>TEMPORAIRES<\/strong> d\u2019enregistrements vid\u00e9os num\u00e9riques afin de valider la performance (la pr\u00e9cision) de nos syst\u00e8mes de comptage automatique de passagers. Cette m\u00e9thode fournit une transparence in\u00e9gal\u00e9e dans la validation de la pr\u00e9cision et de l&rsquo;exactitude du syst\u00e8me. Puisque les embarquements et les d\u00e9barquements sont affich\u00e9s directement sur la vid\u00e9o originale, cette m\u00e9thode pr\u00e9vient la corruption des donn\u00e9es lors du test.<\/p>\t\t\t\t\t\t\t\t<\/div>\n\t\t\t\t<\/div>\n\t\t\t\t<div class=\"elementor-element elementor-element-357cd07 elementor-invisible elementor-widget elementor-widget-heading\" data-id=\"357cd07\" data-element_type=\"widget\" data-e-type=\"widget\" data-settings=\"{&quot;_animation&quot;:&quot;pulse&quot;}\" data-widget_type=\"heading.default\">\n\t\t\t\t<div class=\"elementor-widget-container\">\n\t\t\t\t\t<h5 class=\"elementor-heading-title elementor-size-default\">! Notez bien les nombres d\u2019ENTR\u00c9ES (INS) et de SORTIES (OUTS) changer lorsque les passagers embarquent et d\u00e9barquent du v\u00e9hicule dans les vid\u00e9os ci-dessous !<\/h5>\t\t\t\t<\/div>\n\t\t\t\t<\/div>\n\t\t\t\t\t<\/div>\n\t\t<\/div>\n\t\t\t\t\t<\/div>\n\t\t<\/section>\n\t\t\t\t<section class=\"elementor-section elementor-top-section elementor-element elementor-element-2a99782 elementor-section-stretched elementor-section-boxed elementor-section-height-default elementor-section-height-default\" data-id=\"2a99782\" data-element_type=\"section\" data-e-type=\"section\" data-settings=\"{&quot;stretch_section&quot;:&quot;section-stretched&quot;,&quot;background_background&quot;:&quot;classic&quot;}\">\n\t\t\t\t\t\t\t<div class=\"elementor-background-overlay\"><\/div>\n\t\t\t\t\t\t\t<div class=\"elementor-container elementor-column-gap-default\">\n\t\t\t\t\t<div class=\"elementor-column elementor-col-50 elementor-top-column elementor-element elementor-element-a603f17\" data-id=\"a603f17\" data-element_type=\"column\" data-e-type=\"column\">\n\t\t\t<div class=\"elementor-widget-wrap elementor-element-populated\">\n\t\t\t\t\t\t<div class=\"elementor-element elementor-element-a5ed200 elementor-widget elementor-widget-heading\" data-id=\"a5ed200\" data-element_type=\"widget\" data-e-type=\"widget\" data-widget_type=\"heading.default\">\n\t\t\t\t<div class=\"elementor-widget-container\">\n\t\t\t\t\t<h3 class=\"elementor-heading-title elementor-size-default\">Chaque vid\u00e9o affiche en temps r\u00e9el :<\/h3>\t\t\t\t<\/div>\n\t\t\t\t<\/div>\n\t\t\t\t\t<\/div>\n\t\t<\/div>\n\t\t\t\t<div class=\"elementor-column elementor-col-50 elementor-top-column elementor-element elementor-element-8501d3f\" data-id=\"8501d3f\" data-element_type=\"column\" data-e-type=\"column\">\n\t\t\t<div class=\"elementor-widget-wrap elementor-element-populated\">\n\t\t\t\t\t\t<div class=\"elementor-element elementor-element-62d3388 elementor-align-start elementor-icon-list--layout-traditional elementor-list-item-link-full_width elementor-widget elementor-widget-icon-list\" data-id=\"62d3388\" data-element_type=\"widget\" data-e-type=\"widget\" data-widget_type=\"icon-list.default\">\n\t\t\t\t<div class=\"elementor-widget-container\">\n\t\t\t\t\t\t\t<ul class=\"elementor-icon-list-items\">\n\t\t\t\t\t\t\t<li class=\"elementor-icon-list-item\">\n\t\t\t\t\t\t\t\t\t\t\t<span class=\"elementor-icon-list-icon\">\n\t\t\t\t\t\t\t\t\t\t\t\t\t\t\t\t<i class=\"fa fa-dot-circle-o\" aria-hidden=\"true\"><\/i>\n\t\t\t\t\t\t\t\t\t\t\t\t\t<\/span>\n\t\t\t\t\t\t\t\t\t\t<span class=\"elementor-icon-list-text\">Date: MM-JJ<\/span>\n\t\t\t\t\t\t\t\t\t<\/li>\n\t\t\t\t\t\t\t\t<li class=\"elementor-icon-list-item\">\n\t\t\t\t\t\t\t\t\t\t\t<span class=\"elementor-icon-list-icon\">\n\t\t\t\t\t\t\t\t\t\t\t\t\t\t\t\t<i class=\"fa fa-dot-circle-o\" aria-hidden=\"true\"><\/i>\n\t\t\t\t\t\t\t\t\t\t\t\t\t<\/span>\n\t\t\t\t\t\t\t\t\t\t<span class=\"elementor-icon-list-text\">L'heure: HH:MM<\/span>\n\t\t\t\t\t\t\t\t\t<\/li>\n\t\t\t\t\t\t\t\t<li class=\"elementor-icon-list-item\">\n\t\t\t\t\t\t\t\t\t\t\t<span class=\"elementor-icon-list-icon\">\n\t\t\t\t\t\t\t\t\t\t\t\t\t\t\t\t<i class=\"fa fa-dot-circle-o\" aria-hidden=\"true\"><\/i>\n\t\t\t\t\t\t\t\t\t\t\t\t\t<\/span>\n\t\t\t\t\t\t\t\t\t\t<span class=\"elementor-icon-list-text\">Le nombre de passagers embarquant \u00e0 cet arr\u00eat, tel que rapport\u00e9 par l\u2019unit\u00e9 de comptage GW : d\u00e9bute \u00e0 000<\/span>\n\t\t\t\t\t\t\t\t\t<\/li>\n\t\t\t\t\t\t\t\t<li class=\"elementor-icon-list-item\">\n\t\t\t\t\t\t\t\t\t\t\t<span class=\"elementor-icon-list-icon\">\n\t\t\t\t\t\t\t\t\t\t\t\t\t\t\t\t<i class=\"fa fa-dot-circle-o\" aria-hidden=\"true\"><\/i>\n\t\t\t\t\t\t\t\t\t\t\t\t\t<\/span>\n\t\t\t\t\t\t\t\t\t\t<span class=\"elementor-icon-list-text\">Le nombre de passagers descendant \u00e0 cet arr\u00eat, tel que rapport\u00e9 par l\u2019unit\u00e9 de comptage GW : d\u00e9bute \u00e0 000<\/span>\n\t\t\t\t\t\t\t\t\t<\/li>\n\t\t\t\t\t\t<\/ul>\n\t\t\t\t\t\t<\/div>\n\t\t\t\t<\/div>\n\t\t\t\t\t<\/div>\n\t\t<\/div>\n\t\t\t\t\t<\/div>\n\t\t<\/section>\n\t\t\t\t<section class=\"elementor-section elementor-top-section elementor-element elementor-element-033df66 elementor-section-boxed elementor-section-height-default elementor-section-height-default\" data-id=\"033df66\" data-element_type=\"section\" data-e-type=\"section\">\n\t\t\t\t\t\t<div class=\"elementor-container elementor-column-gap-default\">\n\t\t\t\t\t<div class=\"elementor-column elementor-col-50 elementor-top-column elementor-element elementor-element-802df7e\" data-id=\"802df7e\" data-element_type=\"column\" data-e-type=\"column\">\n\t\t\t<div class=\"elementor-widget-wrap elementor-element-populated\">\n\t\t\t\t\t\t<div class=\"elementor-element elementor-element-da5531e elementor-widget elementor-widget-video\" data-id=\"da5531e\" data-element_type=\"widget\" data-e-type=\"widget\" data-settings=\"{&quot;mute&quot;:&quot;yes&quot;,&quot;youtube_url&quot;:&quot;https:\\\/\\\/youtu.be\\\/qy7Txrb0o9M&quot;,&quot;video_type&quot;:&quot;youtube&quot;,&quot;controls&quot;:&quot;yes&quot;}\" data-widget_type=\"video.default\">\n\t\t\t\t<div class=\"elementor-widget-container\">\n\t\t\t\t\t\t\t<div class=\"elementor-wrapper elementor-open-inline\">\n\t\t\t<div class=\"elementor-video\"><\/div>\t\t<\/div>\n\t\t\t\t\t\t<\/div>\n\t\t\t\t<\/div>\n\t\t\t\t\t<\/div>\n\t\t<\/div>\n\t\t\t\t<div class=\"elementor-column elementor-col-50 elementor-top-column elementor-element elementor-element-97dee9a\" data-id=\"97dee9a\" data-element_type=\"column\" data-e-type=\"column\">\n\t\t\t<div class=\"elementor-widget-wrap elementor-element-populated\">\n\t\t\t\t\t\t<div class=\"elementor-element elementor-element-d866ecf elementor-widget elementor-widget-video\" data-id=\"d866ecf\" data-element_type=\"widget\" data-e-type=\"widget\" data-settings=\"{&quot;mute&quot;:&quot;yes&quot;,&quot;youtube_url&quot;:&quot;https:\\\/\\\/youtu.be\\\/4Ped2o-ORRM&quot;,&quot;video_type&quot;:&quot;youtube&quot;,&quot;controls&quot;:&quot;yes&quot;}\" data-widget_type=\"video.default\">\n\t\t\t\t<div class=\"elementor-widget-container\">\n\t\t\t\t\t\t\t<div class=\"elementor-wrapper elementor-open-inline\">\n\t\t\t<div class=\"elementor-video\"><\/div>\t\t<\/div>\n\t\t\t\t\t\t<\/div>\n\t\t\t\t<\/div>\n\t\t\t\t\t<\/div>\n\t\t<\/div>\n\t\t\t\t\t<\/div>\n\t\t<\/section>\n\t\t\t\t<section class=\"elementor-section elementor-top-section elementor-element elementor-element-ac4fe65 elementor-section-boxed elementor-section-height-default elementor-section-height-default\" data-id=\"ac4fe65\" data-element_type=\"section\" data-e-type=\"section\">\n\t\t\t\t\t\t<div class=\"elementor-container elementor-column-gap-default\">\n\t\t\t\t\t<div class=\"elementor-column elementor-col-50 elementor-top-column elementor-element elementor-element-41ee879\" data-id=\"41ee879\" data-element_type=\"column\" data-e-type=\"column\">\n\t\t\t<div class=\"elementor-widget-wrap elementor-element-populated\">\n\t\t\t\t\t\t<div class=\"elementor-element elementor-element-73158fb elementor-widget elementor-widget-video\" data-id=\"73158fb\" data-element_type=\"widget\" data-e-type=\"widget\" data-settings=\"{&quot;mute&quot;:&quot;yes&quot;,&quot;youtube_url&quot;:&quot;https:\\\/\\\/youtu.be\\\/wamU20kunw8&quot;,&quot;video_type&quot;:&quot;youtube&quot;,&quot;controls&quot;:&quot;yes&quot;}\" data-widget_type=\"video.default\">\n\t\t\t\t<div class=\"elementor-widget-container\">\n\t\t\t\t\t\t\t<div class=\"elementor-wrapper elementor-open-inline\">\n\t\t\t<div class=\"elementor-video\"><\/div>\t\t<\/div>\n\t\t\t\t\t\t<\/div>\n\t\t\t\t<\/div>\n\t\t\t\t\t<\/div>\n\t\t<\/div>\n\t\t\t\t<div class=\"elementor-column elementor-col-50 elementor-top-column elementor-element elementor-element-e3a7d74\" data-id=\"e3a7d74\" data-element_type=\"column\" data-e-type=\"column\">\n\t\t\t<div class=\"elementor-widget-wrap elementor-element-populated\">\n\t\t\t\t\t\t<div class=\"elementor-element elementor-element-c7be7d1 elementor-widget elementor-widget-video\" data-id=\"c7be7d1\" data-element_type=\"widget\" data-e-type=\"widget\" data-settings=\"{&quot;mute&quot;:&quot;yes&quot;,&quot;youtube_url&quot;:&quot;https:\\\/\\\/youtu.be\\\/ZkKiRMIUOeU&quot;,&quot;video_type&quot;:&quot;youtube&quot;,&quot;controls&quot;:&quot;yes&quot;}\" data-widget_type=\"video.default\">\n\t\t\t\t<div class=\"elementor-widget-container\">\n\t\t\t\t\t\t\t<div class=\"elementor-wrapper elementor-open-inline\">\n\t\t\t<div class=\"elementor-video\"><\/div>\t\t<\/div>\n\t\t\t\t\t\t<\/div>\n\t\t\t\t<\/div>\n\t\t\t\t\t<\/div>\n\t\t<\/div>\n\t\t\t\t\t<\/div>\n\t\t<\/section>\n\t\t\t\t<section class=\"elementor-section elementor-top-section elementor-element elementor-element-c81e77f elementor-section-boxed elementor-section-height-default elementor-section-height-default\" data-id=\"c81e77f\" data-element_type=\"section\" data-e-type=\"section\">\n\t\t\t\t\t\t<div class=\"elementor-container elementor-column-gap-default\">\n\t\t\t\t\t<div class=\"elementor-column elementor-col-100 elementor-top-column elementor-element elementor-element-060945b\" data-id=\"060945b\" data-element_type=\"column\" data-e-type=\"column\">\n\t\t\t<div class=\"elementor-widget-wrap elementor-element-populated\">\n\t\t\t\t\t\t<div class=\"elementor-element elementor-element-a9f6eb5 elementor-widget elementor-widget-text-editor\" data-id=\"a9f6eb5\" data-element_type=\"widget\" data-e-type=\"widget\" data-widget_type=\"text-editor.default\">\n\t\t\t\t<div class=\"elementor-widget-container\">\n\t\t\t\t\t\t\t\t\t<section class=\"elementor-element elementor-element-c2ba35a elementor-section-boxed elementor-section-height-default elementor-section-height-default elementor-section elementor-top-section\" data-id=\"c2ba35a\" data-element_type=\"section\"><div class=\"elementor-container elementor-column-gap-default\"><div class=\"elementor-row\"><div class=\"elementor-element elementor-element-ffe01df elementor-column elementor-col-100 elementor-top-column\" data-id=\"ffe01df\" data-element_type=\"column\"><div class=\"elementor-column-wrap elementor-element-populated\"><div class=\"elementor-widget-wrap\"><div class=\"elementor-element elementor-element-bba1d86 elementor-widget elementor-widget-text-editor\" data-id=\"bba1d86\" data-element_type=\"text-editor.default\"><div class=\"elementor-widget-container\"><div class=\"elementor-text-editor elementor-clearfix\"><p style=\"text-align: center;\"><strong>\u00a9 Droits d&rsquo;auteurs INFODEV EDI inc. 2018.<\/strong> Tous droits r\u00e9serv\u00e9s. Vous ne pouvez pas copier ou distribuer ces vid\u00e9os sans notre consentement \u00e9crit.<\/p><\/div><\/div><\/div><\/div><\/div><\/div><\/div><\/div><\/section>\t\t\t\t\t\t\t\t<\/div>\n\t\t\t\t<\/div>\n\t\t\t\t\t<\/div>\n\t\t<\/div>\n\t\t\t\t\t<\/div>\n\t\t<\/section>\n\t\t\t\t<\/div>\n\t\t","protected":false},"excerpt":{"rendered":"<p>V\u00e9rification de la pr\u00e9cision par Syst\u00e8me de validation vid\u00e9o Infodev EDI est le leader de la pr\u00e9cision brute avec ses compteurs automatiques de passagers depuis de nombreuses ann\u00e9es. Notre technologie de capteurs compte les embarquements et les d\u00e9barquements simultan\u00e9s avec une pr\u00e9cision de 97,5% \u00e0 99,5% dans tous les types de v\u00e9hicules. Vous remarquerez que [&hellip;]<\/p>\n","protected":false},"author":1,"featured_media":0,"parent":0,"menu_order":0,"comment_status":"closed","ping_status":"closed","template":"","meta":{"_monsterinsights_skip_tracking":false,"_monsterinsights_sitenote_active":false,"_monsterinsights_sitenote_note":"","_monsterinsights_sitenote_category":0,"footnotes":""},"class_list":["post-3311","page","type-page","status-publish","hentry"],"yoast_head":"<!-- This site is optimized with the Yoast SEO Premium plugin v27.3 (Yoast SEO v27.3) - https:\/\/yoast.com\/product\/yoast-seo-premium-wordpress\/ -->\n<title>vavs - Infodev EDI inc<\/title>\n<meta name=\"robots\" content=\"noindex, follow\" \/>\n<meta property=\"og:locale\" content=\"fr_FR\" \/>\n<meta property=\"og:type\" content=\"article\" \/>\n<meta property=\"og:title\" content=\"vavs\" \/>\n<meta property=\"og:description\" content=\"V\u00e9rification de la pr\u00e9cision par Syst\u00e8me de validation vid\u00e9o Infodev EDI est le leader de la pr\u00e9cision brute avec ses compteurs automatiques de passagers\" \/>\n<meta property=\"og:url\" content=\"https:\/\/www.infodev.ca\/fr\/vavs\/\" \/>\n<meta property=\"og:site_name\" content=\"Infodev EDI inc\" \/>\n<meta property=\"article:publisher\" content=\"https:\/\/www.facebook.com\/infodev.edi\/\" \/>\n<meta property=\"article:modified_time\" content=\"2019-11-18T16:12:38+00:00\" \/>\n<script type=\"application\/ld+json\" class=\"yoast-schema-graph\">{\"@context\":\"https:\\\/\\\/schema.org\",\"@graph\":[{\"@type\":\"WebPage\",\"@id\":\"https:\\\/\\\/www.infodev.ca\\\/fr\\\/vavs\\\/\",\"url\":\"https:\\\/\\\/www.infodev.ca\\\/fr\\\/vavs\\\/\",\"name\":\"vavs - Infodev EDI inc\",\"isPartOf\":{\"@id\":\"https:\\\/\\\/www.infodev.ca\\\/#website\"},\"datePublished\":\"2017-12-14T13:44:11+00:00\",\"dateModified\":\"2019-11-18T16:12:38+00:00\",\"breadcrumb\":{\"@id\":\"https:\\\/\\\/www.infodev.ca\\\/fr\\\/vavs\\\/#breadcrumb\"},\"inLanguage\":\"fr-FR\",\"potentialAction\":[{\"@type\":\"ReadAction\",\"target\":[\"https:\\\/\\\/www.infodev.ca\\\/fr\\\/vavs\\\/\"]}]},{\"@type\":\"BreadcrumbList\",\"@id\":\"https:\\\/\\\/www.infodev.ca\\\/fr\\\/vavs\\\/#breadcrumb\",\"itemListElement\":[{\"@type\":\"ListItem\",\"position\":1,\"name\":\"Home\",\"item\":\"https:\\\/\\\/www.infodev.ca\\\/fr\\\/\"},{\"@type\":\"ListItem\",\"position\":2,\"name\":\"vavs\"}]},{\"@type\":\"WebSite\",\"@id\":\"https:\\\/\\\/www.infodev.ca\\\/#website\",\"url\":\"https:\\\/\\\/www.infodev.ca\\\/\",\"name\":\"Infodev EDI inc\",\"description\":\"Experts in APC solutions since 1993\",\"publisher\":{\"@id\":\"https:\\\/\\\/www.infodev.ca\\\/#organization\"},\"potentialAction\":[{\"@type\":\"SearchAction\",\"target\":{\"@type\":\"EntryPoint\",\"urlTemplate\":\"https:\\\/\\\/www.infodev.ca\\\/?s={search_term_string}\"},\"query-input\":{\"@type\":\"PropertyValueSpecification\",\"valueRequired\":true,\"valueName\":\"search_term_string\"}}],\"inLanguage\":\"fr-FR\"},{\"@type\":\"Organization\",\"@id\":\"https:\\\/\\\/www.infodev.ca\\\/#organization\",\"name\":\"Infodev EDI inc.\",\"url\":\"https:\\\/\\\/www.infodev.ca\\\/\",\"logo\":{\"@type\":\"ImageObject\",\"inLanguage\":\"fr-FR\",\"@id\":\"https:\\\/\\\/www.infodev.ca\\\/#\\\/schema\\\/logo\\\/image\\\/\",\"url\":\"https:\\\/\\\/www.infodev.ca\\\/wp-content\\\/uploads\\\/2021\\\/10\\\/Logo-infodev.png\",\"contentUrl\":\"https:\\\/\\\/www.infodev.ca\\\/wp-content\\\/uploads\\\/2021\\\/10\\\/Logo-infodev.png\",\"width\":2055,\"height\":798,\"caption\":\"Infodev EDI inc.\"},\"image\":{\"@id\":\"https:\\\/\\\/www.infodev.ca\\\/#\\\/schema\\\/logo\\\/image\\\/\"},\"sameAs\":[\"https:\\\/\\\/www.facebook.com\\\/infodev.edi\\\/\",\"https:\\\/\\\/www.linkedin.com\\\/company-beta\\\/157030\\\/\"]}]}<\/script>\n<!-- \/ Yoast SEO Premium plugin. -->","yoast_head_json":{"title":"vavs - Infodev EDI inc","robots":{"index":"noindex","follow":"follow"},"og_locale":"fr_FR","og_type":"article","og_title":"vavs","og_description":"V\u00e9rification de la pr\u00e9cision par Syst\u00e8me de validation vid\u00e9o Infodev EDI est le leader de la pr\u00e9cision brute avec ses compteurs automatiques de passagers","og_url":"https:\/\/www.infodev.ca\/fr\/vavs\/","og_site_name":"Infodev EDI inc","article_publisher":"https:\/\/www.facebook.com\/infodev.edi\/","article_modified_time":"2019-11-18T16:12:38+00:00","schema":{"@context":"https:\/\/schema.org","@graph":[{"@type":"WebPage","@id":"https:\/\/www.infodev.ca\/fr\/vavs\/","url":"https:\/\/www.infodev.ca\/fr\/vavs\/","name":"vavs - Infodev EDI inc","isPartOf":{"@id":"https:\/\/www.infodev.ca\/#website"},"datePublished":"2017-12-14T13:44:11+00:00","dateModified":"2019-11-18T16:12:38+00:00","breadcrumb":{"@id":"https:\/\/www.infodev.ca\/fr\/vavs\/#breadcrumb"},"inLanguage":"fr-FR","potentialAction":[{"@type":"ReadAction","target":["https:\/\/www.infodev.ca\/fr\/vavs\/"]}]},{"@type":"BreadcrumbList","@id":"https:\/\/www.infodev.ca\/fr\/vavs\/#breadcrumb","itemListElement":[{"@type":"ListItem","position":1,"name":"Home","item":"https:\/\/www.infodev.ca\/fr\/"},{"@type":"ListItem","position":2,"name":"vavs"}]},{"@type":"WebSite","@id":"https:\/\/www.infodev.ca\/#website","url":"https:\/\/www.infodev.ca\/","name":"Infodev EDI inc","description":"Experts in APC solutions since 1993","publisher":{"@id":"https:\/\/www.infodev.ca\/#organization"},"potentialAction":[{"@type":"SearchAction","target":{"@type":"EntryPoint","urlTemplate":"https:\/\/www.infodev.ca\/?s={search_term_string}"},"query-input":{"@type":"PropertyValueSpecification","valueRequired":true,"valueName":"search_term_string"}}],"inLanguage":"fr-FR"},{"@type":"Organization","@id":"https:\/\/www.infodev.ca\/#organization","name":"Infodev EDI inc.","url":"https:\/\/www.infodev.ca\/","logo":{"@type":"ImageObject","inLanguage":"fr-FR","@id":"https:\/\/www.infodev.ca\/#\/schema\/logo\/image\/","url":"https:\/\/www.infodev.ca\/wp-content\/uploads\/2021\/10\/Logo-infodev.png","contentUrl":"https:\/\/www.infodev.ca\/wp-content\/uploads\/2021\/10\/Logo-infodev.png","width":2055,"height":798,"caption":"Infodev EDI inc."},"image":{"@id":"https:\/\/www.infodev.ca\/#\/schema\/logo\/image\/"},"sameAs":["https:\/\/www.facebook.com\/infodev.edi\/","https:\/\/www.linkedin.com\/company-beta\/157030\/"]}]}},"_links":{"self":[{"href":"https:\/\/www.infodev.ca\/fr\/wp-json\/wp\/v2\/pages\/3311","targetHints":{"allow":["GET"]}}],"collection":[{"href":"https:\/\/www.infodev.ca\/fr\/wp-json\/wp\/v2\/pages"}],"about":[{"href":"https:\/\/www.infodev.ca\/fr\/wp-json\/wp\/v2\/types\/page"}],"author":[{"embeddable":true,"href":"https:\/\/www.infodev.ca\/fr\/wp-json\/wp\/v2\/users\/1"}],"replies":[{"embeddable":true,"href":"https:\/\/www.infodev.ca\/fr\/wp-json\/wp\/v2\/comments?post=3311"}],"version-history":[{"count":12,"href":"https:\/\/www.infodev.ca\/fr\/wp-json\/wp\/v2\/pages\/3311\/revisions"}],"predecessor-version":[{"id":5951,"href":"https:\/\/www.infodev.ca\/fr\/wp-json\/wp\/v2\/pages\/3311\/revisions\/5951"}],"wp:attachment":[{"href":"https:\/\/www.infodev.ca\/fr\/wp-json\/wp\/v2\/media?parent=3311"}],"curies":[{"name":"wp","href":"https:\/\/api.w.org\/{rel}","templated":true}]}}