{"id":5606,"date":"2019-05-22T15:39:30","date_gmt":"2019-05-22T19:39:30","guid":{"rendered":"http:\/\/www.infodev.ca\/?page_id=5606"},"modified":"2024-01-30T14:06:20","modified_gmt":"2024-01-30T19:06:20","slug":"engagement-social","status":"publish","type":"page","link":"https:\/\/www.infodev.ca\/fr\/engagement-social\/","title":{"rendered":"Engagement Social"},"content":{"rendered":"\t\t<div data-elementor-type=\"wp-post\" data-elementor-id=\"5606\" class=\"elementor elementor-5606 elementor-4879\" data-elementor-post-type=\"page\">\n\t\t\t\t\t\t<section class=\"elementor-section elementor-top-section elementor-element elementor-element-9d99d30 elementor-section-boxed elementor-section-height-default elementor-section-height-default elementor-invisible\" data-id=\"9d99d30\" data-element_type=\"section\" data-e-type=\"section\" data-settings=\"{&quot;animation&quot;:&quot;slideInUp&quot;}\">\n\t\t\t\t\t\t<div class=\"elementor-container elementor-column-gap-extended\">\n\t\t\t\t\t<div class=\"elementor-column elementor-col-33 elementor-top-column elementor-element elementor-element-3d2f8e4\" data-id=\"3d2f8e4\" data-element_type=\"column\" data-e-type=\"column\">\n\t\t\t<div class=\"elementor-widget-wrap elementor-element-populated\">\n\t\t\t\t\t\t<div class=\"elementor-element elementor-element-5e974b1 elementor-widget elementor-widget-heading\" data-id=\"5e974b1\" data-element_type=\"widget\" data-e-type=\"widget\" data-widget_type=\"heading.default\">\n\t\t\t\t<div class=\"elementor-widget-container\">\n\t\t\t\t\t<h2 class=\"elementor-heading-title elementor-size-default\">Diversity<\/h2>\t\t\t\t<\/div>\n\t\t\t\t<\/div>\n\t\t\t\t<div class=\"elementor-element elementor-element-9553e16 elementor-widget elementor-widget-image\" data-id=\"9553e16\" data-element_type=\"widget\" data-e-type=\"widget\" data-widget_type=\"image.default\">\n\t\t\t\t<div class=\"elementor-widget-container\">\n\t\t\t\t\t\t\t\t\t\t\t\t\t\t\t<img fetchpriority=\"high\" decoding=\"async\" width=\"400\" height=\"400\" src=\"https:\/\/www.infodev.ca\/wp-content\/uploads\/2019\/05\/diversity-400x400.jpg\" class=\"attachment-large size-large wp-image-5595\" alt=\"\" srcset=\"https:\/\/www.infodev.ca\/wp-content\/uploads\/2019\/05\/diversity-400x400.jpg 400w, https:\/\/www.infodev.ca\/wp-content\/uploads\/2019\/05\/diversity-400x400-150x150.jpg 150w, https:\/\/www.infodev.ca\/wp-content\/uploads\/2019\/05\/diversity-400x400-300x300.jpg 300w, https:\/\/www.infodev.ca\/wp-content\/uploads\/2019\/05\/diversity-400x400-348x348.jpg 348w\" sizes=\"(max-width: 400px) 100vw, 400px\" \/>\t\t\t\t\t\t\t\t\t\t\t\t\t\t\t<\/div>\n\t\t\t\t<\/div>\n\t\t\t\t<div class=\"elementor-element elementor-element-afcda6f elementor-widget elementor-widget-text-editor\" data-id=\"afcda6f\" data-element_type=\"widget\" data-e-type=\"widget\" data-widget_type=\"text-editor.default\">\n\t\t\t\t<div class=\"elementor-widget-container\">\n\t\t\t\t\t\t\t\t\t<p style=\"text-align: center;\">Infodev EDI is proud to offer career opportunities to employees from multiple backgrounds and throughout the ages. To discover more about<strong> our commitment to the diversity of age and origin of our employees<\/strong>, please visit this page.<\/p>\n\t\t\t\t\t\t\t\t<\/div>\n\t\t\t\t<\/div>\n\t\t\t\t<div class=\"elementor-element elementor-element-749a30f elementor-align-center elementor-widget elementor-widget-button\" data-id=\"749a30f\" data-element_type=\"widget\" data-e-type=\"widget\" data-widget_type=\"button.default\">\n\t\t\t\t<div class=\"elementor-widget-container\">\n\t\t\t\t\t\t\t\t\t<div class=\"elementor-button-wrapper\">\n\t\t\t\t\t<a class=\"elementor-button elementor-size-md\" role=\"button\">\n\t\t\t\t\t\t<span class=\"elementor-button-content-wrapper\">\n\t\t\t\t\t\t<span class=\"elementor-button-icon\">\n\t\t\t\t<i aria-hidden=\"true\" class=\"fas fa-arrow-right\"><\/i>\t\t\t<\/span>\n\t\t\t\t\t\t\t\t\t<span class=\"elementor-button-text\">Employee Diversity (coming soon)<\/span>\n\t\t\t\t\t<\/span>\n\t\t\t\t\t<\/a>\n\t\t\t\t<\/div>\n\t\t\t\t\t\t\t\t<\/div>\n\t\t\t\t<\/div>\n\t\t\t\t\t<\/div>\n\t\t<\/div>\n\t\t\t\t<div class=\"elementor-column elementor-col-33 elementor-top-column elementor-element elementor-element-ec3d9ab\" data-id=\"ec3d9ab\" data-element_type=\"column\" data-e-type=\"column\">\n\t\t\t<div class=\"elementor-widget-wrap elementor-element-populated\">\n\t\t\t\t\t\t<div class=\"elementor-element elementor-element-128345c elementor-widget elementor-widget-heading\" data-id=\"128345c\" data-element_type=\"widget\" data-e-type=\"widget\" data-widget_type=\"heading.default\">\n\t\t\t\t<div class=\"elementor-widget-container\">\n\t\t\t\t\t<h2 class=\"elementor-heading-title elementor-size-default\"><a href=\"https:\/\/www.infodev.ca\/fr\/engagement-social\/redonner-a-notre-communaute\/\">community<\/a><\/h2>\t\t\t\t<\/div>\n\t\t\t\t<\/div>\n\t\t\t\t<div class=\"elementor-element elementor-element-e0a21fa elementor-widget elementor-widget-image\" data-id=\"e0a21fa\" data-element_type=\"widget\" data-e-type=\"widget\" data-widget_type=\"image.default\">\n\t\t\t\t<div class=\"elementor-widget-container\">\n\t\t\t\t\t\t\t\t\t\t\t\t\t\t\t\t<a href=\"https:\/\/www.infodev.ca\/fr\/engagement-social\/redonner-a-notre-communaute\/\">\n\t\t\t\t\t\t\t<img decoding=\"async\" width=\"400\" height=\"400\" src=\"https:\/\/www.infodev.ca\/wp-content\/uploads\/2019\/05\/community-400x400.jpg\" class=\"elementor-animation-grow attachment-large size-large wp-image-5593\" alt=\"\" srcset=\"https:\/\/www.infodev.ca\/wp-content\/uploads\/2019\/05\/community-400x400.jpg 400w, https:\/\/www.infodev.ca\/wp-content\/uploads\/2019\/05\/community-400x400-150x150.jpg 150w, https:\/\/www.infodev.ca\/wp-content\/uploads\/2019\/05\/community-400x400-300x300.jpg 300w, https:\/\/www.infodev.ca\/wp-content\/uploads\/2019\/05\/community-400x400-348x348.jpg 348w\" sizes=\"(max-width: 400px) 100vw, 400px\" \/>\t\t\t\t\t\t\t\t<\/a>\n\t\t\t\t\t\t\t\t\t\t\t\t\t\t\t<\/div>\n\t\t\t\t<\/div>\n\t\t\t\t<div class=\"elementor-element elementor-element-5e4806a elementor-widget elementor-widget-text-editor\" data-id=\"5e4806a\" data-element_type=\"widget\" data-e-type=\"widget\" data-widget_type=\"text-editor.default\">\n\t\t\t\t<div class=\"elementor-widget-container\">\n\t\t\t\t\t\t\t\t\t<p style=\"text-align: center;\">At INFODEV EDI, we strongly believe that as a corporation, <strong>we can make a difference in the lives of our employees and our community<\/strong>. The majority of our donations are made towards three pillars of human life : <strong>Health, Knowledge and Community<\/strong>.<\/p>\n\t\t\t\t\t\t\t\t<\/div>\n\t\t\t\t<\/div>\n\t\t\t\t<div class=\"elementor-element elementor-element-3dfa239 elementor-align-center elementor-widget elementor-widget-button\" data-id=\"3dfa239\" data-element_type=\"widget\" data-e-type=\"widget\" data-widget_type=\"button.default\">\n\t\t\t\t<div class=\"elementor-widget-container\">\n\t\t\t\t\t\t\t\t\t<div class=\"elementor-button-wrapper\">\n\t\t\t\t\t<a class=\"elementor-button elementor-button-link elementor-size-md elementor-animation-grow\" href=\"https:\/\/www.infodev.ca\/fr\/engagement-social\/redonner-a-notre-communaute\/\">\n\t\t\t\t\t\t<span class=\"elementor-button-content-wrapper\">\n\t\t\t\t\t\t<span class=\"elementor-button-icon\">\n\t\t\t\t\t\t\t\t\t<i class=\"fa fa-arrow-right\" aria-hidden=\"true\"><\/i>\n\t\t\t\t\t\t\t<\/span>\n\t\t\t\t\t\t\t\t\t<span class=\"elementor-button-text\">Giving back to our community<\/span>\n\t\t\t\t\t<\/span>\n\t\t\t\t\t<\/a>\n\t\t\t\t<\/div>\n\t\t\t\t\t\t\t\t<\/div>\n\t\t\t\t<\/div>\n\t\t\t\t\t<\/div>\n\t\t<\/div>\n\t\t\t\t<div class=\"elementor-column elementor-col-33 elementor-top-column elementor-element elementor-element-f698264\" data-id=\"f698264\" data-element_type=\"column\" data-e-type=\"column\">\n\t\t\t<div class=\"elementor-widget-wrap elementor-element-populated\">\n\t\t\t\t\t\t<div class=\"elementor-element elementor-element-4c7c990 elementor-widget elementor-widget-heading\" data-id=\"4c7c990\" data-element_type=\"widget\" data-e-type=\"widget\" data-widget_type=\"heading.default\">\n\t\t\t\t<div class=\"elementor-widget-container\">\n\t\t\t\t\t<h2 class=\"elementor-heading-title elementor-size-default\"><a href=\"https:\/\/www.infodev.ca\/fr\/engagement-social\/developpement-durable\/\">sustainability<\/a><\/h2>\t\t\t\t<\/div>\n\t\t\t\t<\/div>\n\t\t\t\t<div class=\"elementor-element elementor-element-a1f4126 elementor-widget elementor-widget-image\" data-id=\"a1f4126\" data-element_type=\"widget\" data-e-type=\"widget\" data-widget_type=\"image.default\">\n\t\t\t\t<div class=\"elementor-widget-container\">\n\t\t\t\t\t\t\t\t\t\t\t\t\t\t\t\t<a href=\"https:\/\/www.infodev.ca\/fr\/engagement-social\/developpement-durable\/\">\n\t\t\t\t\t\t\t<img decoding=\"async\" width=\"400\" height=\"400\" src=\"https:\/\/www.infodev.ca\/wp-content\/uploads\/2019\/05\/sustainable-commitment-400x400.jpg\" class=\"elementor-animation-grow attachment-large size-large wp-image-5589\" alt=\"\" srcset=\"https:\/\/www.infodev.ca\/wp-content\/uploads\/2019\/05\/sustainable-commitment-400x400.jpg 400w, https:\/\/www.infodev.ca\/wp-content\/uploads\/2019\/05\/sustainable-commitment-400x400-150x150.jpg 150w, https:\/\/www.infodev.ca\/wp-content\/uploads\/2019\/05\/sustainable-commitment-400x400-300x300.jpg 300w, https:\/\/www.infodev.ca\/wp-content\/uploads\/2019\/05\/sustainable-commitment-400x400-348x348.jpg 348w\" sizes=\"(max-width: 400px) 100vw, 400px\" \/>\t\t\t\t\t\t\t\t<\/a>\n\t\t\t\t\t\t\t\t\t\t\t\t\t\t\t<\/div>\n\t\t\t\t<\/div>\n\t\t\t\t<div class=\"elementor-element elementor-element-70aac20 elementor-widget elementor-widget-text-editor\" data-id=\"70aac20\" data-element_type=\"widget\" data-e-type=\"widget\" data-widget_type=\"text-editor.default\">\n\t\t\t\t<div class=\"elementor-widget-container\">\n\t\t\t\t\t\t\t\t\t<p style=\"text-align: center;\">At INFODEV EDI, we believe we can be part of the solution for <strong>a better life for future generations and for the planet<\/strong>. We believe that a company working in collaboration with its employees as well as its customers can have a great influence on its environmental impact.<\/p>\n\t\t\t\t\t\t\t\t<\/div>\n\t\t\t\t<\/div>\n\t\t\t\t<div class=\"elementor-element elementor-element-d810910 elementor-align-center elementor-widget elementor-widget-button\" data-id=\"d810910\" data-element_type=\"widget\" data-e-type=\"widget\" data-widget_type=\"button.default\">\n\t\t\t\t<div class=\"elementor-widget-container\">\n\t\t\t\t\t\t\t\t\t<div class=\"elementor-button-wrapper\">\n\t\t\t\t\t<a class=\"elementor-button elementor-button-link elementor-size-md elementor-animation-grow\" href=\"https:\/\/www.infodev.ca\/fr\/engagement-social\/developpement-durable\/\">\n\t\t\t\t\t\t<span class=\"elementor-button-content-wrapper\">\n\t\t\t\t\t\t<span class=\"elementor-button-icon\">\n\t\t\t\t\t\t\t\t\t<i class=\"fa fa-arrow-right\" aria-hidden=\"true\"><\/i>\n\t\t\t\t\t\t\t<\/span>\n\t\t\t\t\t\t\t\t\t<span class=\"elementor-button-text\">Sustainability Commitment<\/span>\n\t\t\t\t\t<\/span>\n\t\t\t\t\t<\/a>\n\t\t\t\t<\/div>\n\t\t\t\t\t\t\t\t<\/div>\n\t\t\t\t<\/div>\n\t\t\t\t\t<\/div>\n\t\t<\/div>\n\t\t\t\t\t<\/div>\n\t\t<\/section>\n\t\t\t\t<section class=\"elementor-section elementor-top-section elementor-element elementor-element-1a34859f elementor-section-boxed elementor-section-height-default elementor-section-height-default\" data-id=\"1a34859f\" data-element_type=\"section\" data-e-type=\"section\">\n\t\t\t\t\t\t<div class=\"elementor-container elementor-column-gap-default\">\n\t\t\t\t\t<div class=\"elementor-column elementor-col-100 elementor-top-column elementor-element elementor-element-6d5f157c\" data-id=\"6d5f157c\" data-element_type=\"column\" data-e-type=\"column\">\n\t\t\t<div class=\"elementor-widget-wrap elementor-element-populated\">\n\t\t\t\t\t\t<div class=\"elementor-element elementor-element-69699386 elementor-widget elementor-widget-heading\" data-id=\"69699386\" data-element_type=\"widget\" data-e-type=\"widget\" data-widget_type=\"heading.default\">\n\t\t\t\t<div class=\"elementor-widget-container\">\n\t\t\t\t\t<h4 class=\"elementor-heading-title elementor-size-default\">Suggested reading<\/h4>\t\t\t\t<\/div>\n\t\t\t\t<\/div>\n\t\t\t\t<div class=\"elementor-element elementor-element-412b1b48 elementor-widget-divider--view-line elementor-widget elementor-widget-divider\" data-id=\"412b1b48\" data-element_type=\"widget\" data-e-type=\"widget\" data-widget_type=\"divider.default\">\n\t\t\t\t<div class=\"elementor-widget-container\">\n\t\t\t\t\t\t\t<div class=\"elementor-divider\">\n\t\t\t<span class=\"elementor-divider-separator\">\n\t\t\t\t\t\t<\/span>\n\t\t<\/div>\n\t\t\t\t\t\t<\/div>\n\t\t\t\t<\/div>\n\t\t\t\t<section class=\"elementor-section elementor-inner-section elementor-element elementor-element-17061a76 elementor-section-boxed elementor-section-height-default elementor-section-height-default\" data-id=\"17061a76\" data-element_type=\"section\" data-e-type=\"section\">\n\t\t\t\t\t\t<div class=\"elementor-container elementor-column-gap-default\">\n\t\t\t\t\t<div class=\"elementor-column elementor-col-33 elementor-inner-column elementor-element elementor-element-1b60a546\" data-id=\"1b60a546\" data-element_type=\"column\" data-e-type=\"column\">\n\t\t\t<div class=\"elementor-widget-wrap elementor-element-populated\">\n\t\t\t\t\t\t<div class=\"elementor-element elementor-element-287c49fc elementor-align-center elementor-widget elementor-widget-button\" data-id=\"287c49fc\" data-element_type=\"widget\" data-e-type=\"widget\" data-widget_type=\"button.default\">\n\t\t\t\t<div class=\"elementor-widget-container\">\n\t\t\t\t\t\t\t\t\t<div class=\"elementor-button-wrapper\">\n\t\t\t\t\t<a class=\"elementor-button elementor-button-link elementor-size-md elementor-animation-grow\" href=\"https:\/\/www.infodev.ca\/fr\/a-propos\/\">\n\t\t\t\t\t\t<span class=\"elementor-button-content-wrapper\">\n\t\t\t\t\t\t<span class=\"elementor-button-icon\">\n\t\t\t\t\t\t\t\t\t<i class=\"fa fa-arrow-right\" aria-hidden=\"true\"><\/i>\n\t\t\t\t\t\t\t<\/span>\n\t\t\t\t\t\t\t\t\t<span class=\"elementor-button-text\">\u00c0 propos<\/span>\n\t\t\t\t\t<\/span>\n\t\t\t\t\t<\/a>\n\t\t\t\t<\/div>\n\t\t\t\t\t\t\t\t<\/div>\n\t\t\t\t<\/div>\n\t\t\t\t\t<\/div>\n\t\t<\/div>\n\t\t\t\t<div class=\"elementor-column elementor-col-33 elementor-inner-column elementor-element elementor-element-6d6355db\" data-id=\"6d6355db\" data-element_type=\"column\" data-e-type=\"column\">\n\t\t\t<div class=\"elementor-widget-wrap elementor-element-populated\">\n\t\t\t\t\t\t<div class=\"elementor-element elementor-element-1fa2ee69 elementor-align-center elementor-widget elementor-widget-button\" data-id=\"1fa2ee69\" data-element_type=\"widget\" data-e-type=\"widget\" data-widget_type=\"button.default\">\n\t\t\t\t<div class=\"elementor-widget-container\">\n\t\t\t\t\t\t\t\t\t<div class=\"elementor-button-wrapper\">\n\t\t\t\t\t<a class=\"elementor-button elementor-button-link elementor-size-md elementor-animation-grow\" href=\"https:\/\/www.infodev.ca\/fr\/a-propos\/carrieres\/\">\n\t\t\t\t\t\t<span class=\"elementor-button-content-wrapper\">\n\t\t\t\t\t\t<span class=\"elementor-button-icon\">\n\t\t\t\t\t\t\t\t\t<i class=\"fa fa-arrow-right\" aria-hidden=\"true\"><\/i>\n\t\t\t\t\t\t\t<\/span>\n\t\t\t\t\t\t\t\t\t<span class=\"elementor-button-text\">Careers<\/span>\n\t\t\t\t\t<\/span>\n\t\t\t\t\t<\/a>\n\t\t\t\t<\/div>\n\t\t\t\t\t\t\t\t<\/div>\n\t\t\t\t<\/div>\n\t\t\t\t\t<\/div>\n\t\t<\/div>\n\t\t\t\t<div class=\"elementor-column elementor-col-33 elementor-inner-column elementor-element elementor-element-4576a883\" data-id=\"4576a883\" data-element_type=\"column\" data-e-type=\"column\">\n\t\t\t<div class=\"elementor-widget-wrap elementor-element-populated\">\n\t\t\t\t\t\t<div class=\"elementor-element elementor-element-3c208dcf elementor-align-center elementor-widget elementor-widget-button\" data-id=\"3c208dcf\" data-element_type=\"widget\" data-e-type=\"widget\" data-widget_type=\"button.default\">\n\t\t\t\t<div class=\"elementor-widget-container\">\n\t\t\t\t\t\t\t\t\t<div class=\"elementor-button-wrapper\">\n\t\t\t\t\t<a class=\"elementor-button elementor-button-link elementor-size-md elementor-animation-grow\" href=\"https:\/\/www.infodev.ca\/fr\/a-propos\/contact\/\">\n\t\t\t\t\t\t<span class=\"elementor-button-content-wrapper\">\n\t\t\t\t\t\t<span class=\"elementor-button-icon\">\n\t\t\t\t\t\t\t\t\t<i class=\"fa fa-arrow-right\" aria-hidden=\"true\"><\/i>\n\t\t\t\t\t\t\t<\/span>\n\t\t\t\t\t\t\t\t\t<span class=\"elementor-button-text\">Contact Us<\/span>\n\t\t\t\t\t<\/span>\n\t\t\t\t\t<\/a>\n\t\t\t\t<\/div>\n\t\t\t\t\t\t\t\t<\/div>\n\t\t\t\t<\/div>\n\t\t\t\t\t<\/div>\n\t\t<\/div>\n\t\t\t\t\t<\/div>\n\t\t<\/section>\n\t\t\t\t\t<\/div>\n\t\t<\/div>\n\t\t\t\t\t<\/div>\n\t\t<\/section>\n\t\t\t\t<\/div>\n\t\t","protected":false},"excerpt":{"rendered":"<p>Diversity Infodev EDI is proud to offer career opportunities to employees from multiple backgrounds and throughout the ages. To discover more about our commitment to the diversity of age and origin of our employees, please visit this page. Employee Diversity (coming soon) community At INFODEV EDI, we strongly believe that as a corporation, we can [&hellip;]<\/p>\n","protected":false},"author":1,"featured_media":0,"parent":0,"menu_order":0,"comment_status":"closed","ping_status":"closed","template":"","meta":{"_monsterinsights_skip_tracking":false,"_monsterinsights_sitenote_active":false,"_monsterinsights_sitenote_note":"","_monsterinsights_sitenote_category":0,"footnotes":""},"class_list":["post-5606","page","type-page","status-publish","hentry"],"yoast_head":"<!-- This site is optimized with the Yoast SEO Premium plugin v27.3 (Yoast SEO v27.4) - https:\/\/yoast.com\/product\/yoast-seo-premium-wordpress\/ -->\n<title>Engagement Social - Infodev EDI inc<\/title>\n<meta name=\"description\" content=\"D\u00e9couvrez notre engagement social \u00e0 travers diff\u00e9rentes facettes: la diversit\u00e9 d&#039;emploi, la communaut\u00e9 et la durabilit\u00e9.\" \/>\n<meta name=\"robots\" content=\"noindex, nofollow\" \/>\n<meta property=\"og:locale\" content=\"fr_FR\" \/>\n<meta property=\"og:type\" content=\"article\" \/>\n<meta property=\"og:title\" content=\"Engagement Social\" \/>\n<meta property=\"og:description\" content=\"Diversity Infodev EDI is proud to offer career opportunities to employees from multiple backgrounds and throughout the ages. To discover more about our\" \/>\n<meta property=\"og:url\" content=\"https:\/\/www.infodev.ca\/fr\/engagement-social\/\" \/>\n<meta property=\"og:site_name\" content=\"Infodev EDI inc\" \/>\n<meta property=\"article:publisher\" content=\"https:\/\/www.facebook.com\/infodev.edi\/\" \/>\n<meta property=\"article:modified_time\" content=\"2024-01-30T19:06:20+00:00\" \/>\n<meta property=\"og:image\" content=\"https:\/\/www.infodev.ca\/wp-content\/uploads\/2019\/05\/diversity-400x400.jpg\" \/>\n<script type=\"application\/ld+json\" class=\"yoast-schema-graph\">{\"@context\":\"https:\\\/\\\/schema.org\",\"@graph\":[{\"@type\":\"WebPage\",\"@id\":\"https:\\\/\\\/www.infodev.ca\\\/fr\\\/engagement-social\\\/\",\"url\":\"https:\\\/\\\/www.infodev.ca\\\/fr\\\/engagement-social\\\/\",\"name\":\"Engagement Social - Infodev EDI inc\",\"isPartOf\":{\"@id\":\"https:\\\/\\\/www.infodev.ca\\\/#website\"},\"primaryImageOfPage\":{\"@id\":\"https:\\\/\\\/www.infodev.ca\\\/fr\\\/engagement-social\\\/#primaryimage\"},\"image\":{\"@id\":\"https:\\\/\\\/www.infodev.ca\\\/fr\\\/engagement-social\\\/#primaryimage\"},\"thumbnailUrl\":\"https:\\\/\\\/www.infodev.ca\\\/wp-content\\\/uploads\\\/2019\\\/05\\\/diversity-400x400.jpg\",\"datePublished\":\"2019-05-22T19:39:30+00:00\",\"dateModified\":\"2024-01-30T19:06:20+00:00\",\"description\":\"D\u00e9couvrez notre engagement social \u00e0 travers diff\u00e9rentes facettes: la diversit\u00e9 d'emploi, la communaut\u00e9 et la durabilit\u00e9.\",\"breadcrumb\":{\"@id\":\"https:\\\/\\\/www.infodev.ca\\\/fr\\\/engagement-social\\\/#breadcrumb\"},\"inLanguage\":\"fr-FR\",\"potentialAction\":[{\"@type\":\"ReadAction\",\"target\":[\"https:\\\/\\\/www.infodev.ca\\\/fr\\\/engagement-social\\\/\"]}]},{\"@type\":\"ImageObject\",\"inLanguage\":\"fr-FR\",\"@id\":\"https:\\\/\\\/www.infodev.ca\\\/fr\\\/engagement-social\\\/#primaryimage\",\"url\":\"https:\\\/\\\/www.infodev.ca\\\/wp-content\\\/uploads\\\/2019\\\/05\\\/diversity-400x400.jpg\",\"contentUrl\":\"https:\\\/\\\/www.infodev.ca\\\/wp-content\\\/uploads\\\/2019\\\/05\\\/diversity-400x400.jpg\"},{\"@type\":\"BreadcrumbList\",\"@id\":\"https:\\\/\\\/www.infodev.ca\\\/fr\\\/engagement-social\\\/#breadcrumb\",\"itemListElement\":[{\"@type\":\"ListItem\",\"position\":1,\"name\":\"Home\",\"item\":\"https:\\\/\\\/www.infodev.ca\\\/fr\\\/\"},{\"@type\":\"ListItem\",\"position\":2,\"name\":\"Engagement Social\"}]},{\"@type\":\"WebSite\",\"@id\":\"https:\\\/\\\/www.infodev.ca\\\/#website\",\"url\":\"https:\\\/\\\/www.infodev.ca\\\/\",\"name\":\"Infodev EDI inc\",\"description\":\"Experts in APC solutions since 1993\",\"publisher\":{\"@id\":\"https:\\\/\\\/www.infodev.ca\\\/#organization\"},\"potentialAction\":[{\"@type\":\"SearchAction\",\"target\":{\"@type\":\"EntryPoint\",\"urlTemplate\":\"https:\\\/\\\/www.infodev.ca\\\/?s={search_term_string}\"},\"query-input\":{\"@type\":\"PropertyValueSpecification\",\"valueRequired\":true,\"valueName\":\"search_term_string\"}}],\"inLanguage\":\"fr-FR\"},{\"@type\":\"Organization\",\"@id\":\"https:\\\/\\\/www.infodev.ca\\\/#organization\",\"name\":\"Infodev EDI inc.\",\"url\":\"https:\\\/\\\/www.infodev.ca\\\/\",\"logo\":{\"@type\":\"ImageObject\",\"inLanguage\":\"fr-FR\",\"@id\":\"https:\\\/\\\/www.infodev.ca\\\/#\\\/schema\\\/logo\\\/image\\\/\",\"url\":\"https:\\\/\\\/www.infodev.ca\\\/wp-content\\\/uploads\\\/2021\\\/10\\\/Logo-infodev.png\",\"contentUrl\":\"https:\\\/\\\/www.infodev.ca\\\/wp-content\\\/uploads\\\/2021\\\/10\\\/Logo-infodev.png\",\"width\":2055,\"height\":798,\"caption\":\"Infodev EDI inc.\"},\"image\":{\"@id\":\"https:\\\/\\\/www.infodev.ca\\\/#\\\/schema\\\/logo\\\/image\\\/\"},\"sameAs\":[\"https:\\\/\\\/www.facebook.com\\\/infodev.edi\\\/\",\"https:\\\/\\\/www.linkedin.com\\\/company-beta\\\/157030\\\/\"]}]}<\/script>\n<!-- \/ Yoast SEO Premium plugin. -->","yoast_head_json":{"title":"Engagement Social - Infodev EDI inc","description":"D\u00e9couvrez notre engagement social \u00e0 travers diff\u00e9rentes facettes: la diversit\u00e9 d'emploi, la communaut\u00e9 et la durabilit\u00e9.","robots":{"index":"noindex","follow":"nofollow"},"og_locale":"fr_FR","og_type":"article","og_title":"Engagement Social","og_description":"Diversity Infodev EDI is proud to offer career opportunities to employees from multiple backgrounds and throughout the ages. To discover more about our","og_url":"https:\/\/www.infodev.ca\/fr\/engagement-social\/","og_site_name":"Infodev EDI inc","article_publisher":"https:\/\/www.facebook.com\/infodev.edi\/","article_modified_time":"2024-01-30T19:06:20+00:00","og_image":[{"url":"https:\/\/www.infodev.ca\/wp-content\/uploads\/2019\/05\/diversity-400x400.jpg","type":"","width":"","height":""}],"schema":{"@context":"https:\/\/schema.org","@graph":[{"@type":"WebPage","@id":"https:\/\/www.infodev.ca\/fr\/engagement-social\/","url":"https:\/\/www.infodev.ca\/fr\/engagement-social\/","name":"Engagement Social - Infodev EDI inc","isPartOf":{"@id":"https:\/\/www.infodev.ca\/#website"},"primaryImageOfPage":{"@id":"https:\/\/www.infodev.ca\/fr\/engagement-social\/#primaryimage"},"image":{"@id":"https:\/\/www.infodev.ca\/fr\/engagement-social\/#primaryimage"},"thumbnailUrl":"https:\/\/www.infodev.ca\/wp-content\/uploads\/2019\/05\/diversity-400x400.jpg","datePublished":"2019-05-22T19:39:30+00:00","dateModified":"2024-01-30T19:06:20+00:00","description":"D\u00e9couvrez notre engagement social \u00e0 travers diff\u00e9rentes facettes: la diversit\u00e9 d'emploi, la communaut\u00e9 et la durabilit\u00e9.","breadcrumb":{"@id":"https:\/\/www.infodev.ca\/fr\/engagement-social\/#breadcrumb"},"inLanguage":"fr-FR","potentialAction":[{"@type":"ReadAction","target":["https:\/\/www.infodev.ca\/fr\/engagement-social\/"]}]},{"@type":"ImageObject","inLanguage":"fr-FR","@id":"https:\/\/www.infodev.ca\/fr\/engagement-social\/#primaryimage","url":"https:\/\/www.infodev.ca\/wp-content\/uploads\/2019\/05\/diversity-400x400.jpg","contentUrl":"https:\/\/www.infodev.ca\/wp-content\/uploads\/2019\/05\/diversity-400x400.jpg"},{"@type":"BreadcrumbList","@id":"https:\/\/www.infodev.ca\/fr\/engagement-social\/#breadcrumb","itemListElement":[{"@type":"ListItem","position":1,"name":"Home","item":"https:\/\/www.infodev.ca\/fr\/"},{"@type":"ListItem","position":2,"name":"Engagement Social"}]},{"@type":"WebSite","@id":"https:\/\/www.infodev.ca\/#website","url":"https:\/\/www.infodev.ca\/","name":"Infodev EDI inc","description":"Experts in APC solutions since 1993","publisher":{"@id":"https:\/\/www.infodev.ca\/#organization"},"potentialAction":[{"@type":"SearchAction","target":{"@type":"EntryPoint","urlTemplate":"https:\/\/www.infodev.ca\/?s={search_term_string}"},"query-input":{"@type":"PropertyValueSpecification","valueRequired":true,"valueName":"search_term_string"}}],"inLanguage":"fr-FR"},{"@type":"Organization","@id":"https:\/\/www.infodev.ca\/#organization","name":"Infodev EDI inc.","url":"https:\/\/www.infodev.ca\/","logo":{"@type":"ImageObject","inLanguage":"fr-FR","@id":"https:\/\/www.infodev.ca\/#\/schema\/logo\/image\/","url":"https:\/\/www.infodev.ca\/wp-content\/uploads\/2021\/10\/Logo-infodev.png","contentUrl":"https:\/\/www.infodev.ca\/wp-content\/uploads\/2021\/10\/Logo-infodev.png","width":2055,"height":798,"caption":"Infodev EDI inc."},"image":{"@id":"https:\/\/www.infodev.ca\/#\/schema\/logo\/image\/"},"sameAs":["https:\/\/www.facebook.com\/infodev.edi\/","https:\/\/www.linkedin.com\/company-beta\/157030\/"]}]}},"_links":{"self":[{"href":"https:\/\/www.infodev.ca\/fr\/wp-json\/wp\/v2\/pages\/5606","targetHints":{"allow":["GET"]}}],"collection":[{"href":"https:\/\/www.infodev.ca\/fr\/wp-json\/wp\/v2\/pages"}],"about":[{"href":"https:\/\/www.infodev.ca\/fr\/wp-json\/wp\/v2\/types\/page"}],"author":[{"embeddable":true,"href":"https:\/\/www.infodev.ca\/fr\/wp-json\/wp\/v2\/users\/1"}],"replies":[{"embeddable":true,"href":"https:\/\/www.infodev.ca\/fr\/wp-json\/wp\/v2\/comments?post=5606"}],"version-history":[{"count":29,"href":"https:\/\/www.infodev.ca\/fr\/wp-json\/wp\/v2\/pages\/5606\/revisions"}],"predecessor-version":[{"id":12392,"href":"https:\/\/www.infodev.ca\/fr\/wp-json\/wp\/v2\/pages\/5606\/revisions\/12392"}],"wp:attachment":[{"href":"https:\/\/www.infodev.ca\/fr\/wp-json\/wp\/v2\/media?parent=5606"}],"curies":[{"name":"wp","href":"https:\/\/api.w.org\/{rel}","templated":true}]}}