{"id":6684,"date":"2020-06-17T12:56:01","date_gmt":"2020-06-17T16:56:01","guid":{"rendered":"https:\/\/www.infodev.ca\/?page_id=6684"},"modified":"2023-09-12T08:35:52","modified_gmt":"2023-09-12T12:35:52","slug":"developpement-durable","status":"publish","type":"page","link":"https:\/\/www.infodev.ca\/fr\/engagement-social\/developpement-durable\/","title":{"rendered":"Engagement au d\u00e9veloppement durable"},"content":{"rendered":"\t\t<div data-elementor-type=\"wp-post\" data-elementor-id=\"6684\" class=\"elementor elementor-6684 elementor-1367\" data-elementor-post-type=\"page\">\n\t\t\t\t\t\t<section class=\"elementor-section elementor-top-section elementor-element elementor-element-2vfaees elementor-section-stretched elementor-section-boxed elementor-section-height-default elementor-section-height-default\" data-id=\"2vfaees\" data-element_type=\"section\" data-e-type=\"section\" data-settings=\"{&quot;stretch_section&quot;:&quot;section-stretched&quot;,&quot;background_background&quot;:&quot;classic&quot;}\">\n\t\t\t\t\t\t<div class=\"elementor-container elementor-column-gap-default\">\n\t\t\t\t\t<div class=\"elementor-column elementor-col-100 elementor-top-column elementor-element elementor-element-3b30u9h\" data-id=\"3b30u9h\" data-element_type=\"column\" data-e-type=\"column\" data-settings=\"{&quot;background_background&quot;:&quot;classic&quot;}\">\n\t\t\t<div class=\"elementor-widget-wrap elementor-element-populated\">\n\t\t\t\t\t\t<div class=\"elementor-element elementor-element-561e3sl elementor-widget elementor-widget-heading\" data-id=\"561e3sl\" data-element_type=\"widget\" data-e-type=\"widget\" data-widget_type=\"heading.default\">\n\t\t\t\t<div class=\"elementor-widget-container\">\n\t\t\t\t\t<h2 class=\"elementor-heading-title elementor-size-default\">Ensemble pour le d\u00e9veloppement durable<\/h2>\t\t\t\t<\/div>\n\t\t\t\t<\/div>\n\t\t\t\t<div class=\"elementor-element elementor-element-wlrazuf elementor-widget elementor-widget-text-editor\" data-id=\"wlrazuf\" data-element_type=\"widget\" data-e-type=\"widget\" data-widget_type=\"text-editor.default\">\n\t\t\t\t<div class=\"elementor-widget-container\">\n\t\t\t\t\t\t\t\t\t<p>Chez <span style=\"color: #00427a;\"><strong>INFODEV EDI, nous croyons que nous pouvons faire partie de la solution<\/strong><\/span> vers une vie meilleure pour la g\u00e9n\u00e9ration future et pour la plan\u00e8te. C&rsquo;est pourquoi beaucoup de nos d\u00e9cisions d&rsquo;affaires sont prises afin de r\u00e9duire notre impact \u00e9cologique ainsi que notre empreinte environnementale. Nous pensons qu&rsquo;une entreprise travaillant en collaboration avec ses employ\u00e9s ainsi qu&rsquo;avec ses clients peut avoir une grande influence sur le d\u00e9veloppement durable de villes intelligentes.<\/p>\t\t\t\t\t\t\t\t<\/div>\n\t\t\t\t<\/div>\n\t\t\t\t\t<\/div>\n\t\t<\/div>\n\t\t\t\t\t<\/div>\n\t\t<\/section>\n\t\t\t\t<section class=\"elementor-section elementor-top-section elementor-element elementor-element-pnbxnpk elementor-section-boxed elementor-section-height-default elementor-section-height-default\" data-id=\"pnbxnpk\" data-element_type=\"section\" data-e-type=\"section\">\n\t\t\t\t\t\t<div class=\"elementor-container elementor-column-gap-default\">\n\t\t\t\t\t<div class=\"elementor-column elementor-col-50 elementor-top-column elementor-element elementor-element-fd9u62c\" data-id=\"fd9u62c\" data-element_type=\"column\" data-e-type=\"column\" data-settings=\"{&quot;background_background&quot;:&quot;classic&quot;}\">\n\t\t\t<div class=\"elementor-widget-wrap elementor-element-populated\">\n\t\t\t\t\t\t<div class=\"elementor-element elementor-element-dnmbnaz elementor-widget elementor-widget-spacer\" data-id=\"dnmbnaz\" data-element_type=\"widget\" data-e-type=\"widget\" data-widget_type=\"spacer.default\">\n\t\t\t\t<div class=\"elementor-widget-container\">\n\t\t\t\t\t\t\t<div class=\"elementor-spacer\">\n\t\t\t<div class=\"elementor-spacer-inner\"><\/div>\n\t\t<\/div>\n\t\t\t\t\t\t<\/div>\n\t\t\t\t<\/div>\n\t\t\t\t\t<\/div>\n\t\t<\/div>\n\t\t\t\t<div class=\"elementor-column elementor-col-50 elementor-top-column elementor-element elementor-element-342hell\" data-id=\"342hell\" data-element_type=\"column\" data-e-type=\"column\">\n\t\t\t<div class=\"elementor-widget-wrap elementor-element-populated\">\n\t\t\t\t\t\t<div class=\"elementor-element elementor-element-v2bfhro elementor-widget elementor-widget-heading\" data-id=\"v2bfhro\" data-element_type=\"widget\" data-e-type=\"widget\" data-widget_type=\"heading.default\">\n\t\t\t\t<div class=\"elementor-widget-container\">\n\t\t\t\t\t<h3 class=\"elementor-heading-title elementor-size-default\">Des produits qui fonctionnent<\/h3>\t\t\t\t<\/div>\n\t\t\t\t<\/div>\n\t\t\t\t<div class=\"elementor-element elementor-element-u0lrknr elementor-widget elementor-widget-text-editor\" data-id=\"u0lrknr\" data-element_type=\"widget\" data-e-type=\"widget\" data-widget_type=\"text-editor.default\">\n\t\t\t\t<div class=\"elementor-widget-container\">\n\t\t\t\t\t\t\t\t\t<p>Nous tentons par plusieurs actions <span style=\"color: #061d31;\"><strong>d&rsquo;int\u00e9grer le d\u00e9veloppement durable dans nos activit\u00e9s<\/strong><\/span>, tout d&rsquo;abord, \u00e0 travers nos produits. Puisque la plupart de nos composants sont fabriqu\u00e9s dans notre usine de Qu\u00e9bec, nous r\u00e9duisons \u00e9norm\u00e9ment notre empreinte \u00e9cologique en termes de CO\u00b2 caus\u00e9 par le transport.<\/p><p>De plus, plusieurs de nos produits sont fait d&rsquo;aluminium, un des mat\u00e9riaux\u00a0 <span style=\"color: #061d31;\"><strong>les plus durables<\/strong><\/span> et <span style=\"color: #061d31;\"><strong>recyclables<\/strong><\/span>. Ce mat\u00e9riau provient de notre province du Qu\u00e9bec o\u00f9 l&rsquo;\u00e9nergie hydro\u00e9lectrique est utilis\u00e9e lors de sa conception. Enfin, nos produits ont une longue dur\u00e9e de vie et n&rsquo;ont pas besoin d&rsquo;\u00eatre remplac\u00e9s r\u00e9guli\u00e8rement. Ils repr\u00e9sentent donc un partie de notre solution durable.<\/p><p>Nous prenons toutes les pr\u00e9cautions dans notre processus de conception afin de cr\u00e9er un cycle de vie le plus durable possible pour tous nos produits.<\/p>\t\t\t\t\t\t\t\t<\/div>\n\t\t\t\t<\/div>\n\t\t\t\t\t<\/div>\n\t\t<\/div>\n\t\t\t\t\t<\/div>\n\t\t<\/section>\n\t\t\t\t<section class=\"elementor-section elementor-top-section elementor-element elementor-element-5q2wbe0 elementor-section-boxed elementor-section-height-default elementor-section-height-default\" data-id=\"5q2wbe0\" data-element_type=\"section\" data-e-type=\"section\">\n\t\t\t\t\t\t<div class=\"elementor-container elementor-column-gap-default\">\n\t\t\t\t\t<div class=\"elementor-column elementor-col-50 elementor-top-column elementor-element elementor-element-k9zlrza\" data-id=\"k9zlrza\" data-element_type=\"column\" data-e-type=\"column\">\n\t\t\t<div class=\"elementor-widget-wrap elementor-element-populated\">\n\t\t\t\t\t\t<div class=\"elementor-element elementor-element-hgksz5l elementor-widget elementor-widget-heading\" data-id=\"hgksz5l\" data-element_type=\"widget\" data-e-type=\"widget\" data-widget_type=\"heading.default\">\n\t\t\t\t<div class=\"elementor-widget-container\">\n\t\t\t\t\t<h3 class=\"elementor-heading-title elementor-size-default\">Prendre les bonnes d\u00e9cisions<\/h3>\t\t\t\t<\/div>\n\t\t\t\t<\/div>\n\t\t\t\t<div class=\"elementor-element elementor-element-54v4vbj elementor-widget elementor-widget-text-editor\" data-id=\"54v4vbj\" data-element_type=\"widget\" data-e-type=\"widget\" data-widget_type=\"text-editor.default\">\n\t\t\t\t<div class=\"elementor-widget-container\">\n\t\t\t\t\t\t\t\t\t<p>Chez INFODEV EDI, nous travaillons dur pour trouver des solutions qui r\u00e9pondent aux besoins de nos clients. Travaillant principalement dans l&rsquo;industrie du transport en commun, nous savons comment ce secteur d&rsquo;activit\u00e9 peut <span style=\"color: #061d31;\"><strong>aider le processus d&rsquo;\u00e9volution vers des villes plus vertes et plus intelligentes<\/strong><\/span>. Nos produits et nos logiciels peuvent fournir les donn\u00e9es appropri\u00e9es \u00e0 ces entreprises pour optimiser les itin\u00e9raires emprunt\u00e9s par les bus, r\u00e9duire le nombre de v\u00e9hicules en fonction du nombre de passagers et am\u00e9liorer les horaires. Nous pensons que des d\u00e9cisions intelligentes en mati\u00e8re de gestion des transports en commun peuvent \u00eatre extr\u00eamement b\u00e9n\u00e9fiques pour une ville durable.<\/p><p>Mais ce n&rsquo;est pas tout. Nos solutions de comptage peuvent \u00e9galement fonctionner dans des b\u00e2timents, comme les casinos, les universit\u00e9s, les mus\u00e9es ou les centres commerciaux, et peuvent fournir les outils n\u00e9cessaires pour une meilleure gestion de la consommation \u00e9lectrique en fonction de l&rsquo;achalandage.<\/p>\t\t\t\t\t\t\t\t<\/div>\n\t\t\t\t<\/div>\n\t\t\t\t\t<\/div>\n\t\t<\/div>\n\t\t\t\t<div class=\"elementor-column elementor-col-50 elementor-top-column elementor-element elementor-element-dv72adw\" data-id=\"dv72adw\" data-element_type=\"column\" data-e-type=\"column\" data-settings=\"{&quot;background_background&quot;:&quot;classic&quot;}\">\n\t\t\t<div class=\"elementor-widget-wrap elementor-element-populated\">\n\t\t\t\t\t\t<div class=\"elementor-element elementor-element-ywif108 elementor-widget elementor-widget-spacer\" data-id=\"ywif108\" data-element_type=\"widget\" data-e-type=\"widget\" data-widget_type=\"spacer.default\">\n\t\t\t\t<div class=\"elementor-widget-container\">\n\t\t\t\t\t\t\t<div class=\"elementor-spacer\">\n\t\t\t<div class=\"elementor-spacer-inner\"><\/div>\n\t\t<\/div>\n\t\t\t\t\t\t<\/div>\n\t\t\t\t<\/div>\n\t\t\t\t\t<\/div>\n\t\t<\/div>\n\t\t\t\t\t<\/div>\n\t\t<\/section>\n\t\t\t\t<section class=\"elementor-section elementor-top-section elementor-element elementor-element-jp7h7l8 elementor-section-boxed elementor-section-height-default elementor-section-height-default\" data-id=\"jp7h7l8\" data-element_type=\"section\" data-e-type=\"section\">\n\t\t\t\t\t\t<div class=\"elementor-container elementor-column-gap-default\">\n\t\t\t\t\t<div class=\"elementor-column elementor-col-50 elementor-top-column elementor-element elementor-element-eafhrtg\" data-id=\"eafhrtg\" data-element_type=\"column\" data-e-type=\"column\" data-settings=\"{&quot;background_background&quot;:&quot;classic&quot;}\">\n\t\t\t<div class=\"elementor-widget-wrap elementor-element-populated\">\n\t\t\t\t\t\t<div class=\"elementor-element elementor-element-hgghazs elementor-widget elementor-widget-spacer\" data-id=\"hgghazs\" data-element_type=\"widget\" data-e-type=\"widget\" data-widget_type=\"spacer.default\">\n\t\t\t\t<div class=\"elementor-widget-container\">\n\t\t\t\t\t\t\t<div class=\"elementor-spacer\">\n\t\t\t<div class=\"elementor-spacer-inner\"><\/div>\n\t\t<\/div>\n\t\t\t\t\t\t<\/div>\n\t\t\t\t<\/div>\n\t\t\t\t\t<\/div>\n\t\t<\/div>\n\t\t\t\t<div class=\"elementor-column elementor-col-50 elementor-top-column elementor-element elementor-element-jaausl1\" data-id=\"jaausl1\" data-element_type=\"column\" data-e-type=\"column\">\n\t\t\t<div class=\"elementor-widget-wrap elementor-element-populated\">\n\t\t\t\t\t\t<div class=\"elementor-element elementor-element-ypnsuc2 elementor-widget elementor-widget-heading\" data-id=\"ypnsuc2\" data-element_type=\"widget\" data-e-type=\"widget\" data-widget_type=\"heading.default\">\n\t\t\t\t<div class=\"elementor-widget-container\">\n\t\t\t\t\t<h3 class=\"elementor-heading-title elementor-size-default\">Chacun fait partie de la solution<\/h3>\t\t\t\t<\/div>\n\t\t\t\t<\/div>\n\t\t\t\t<div class=\"elementor-element elementor-element-prppb3k elementor-widget elementor-widget-text-editor\" data-id=\"prppb3k\" data-element_type=\"widget\" data-e-type=\"widget\" data-widget_type=\"text-editor.default\">\n\t\t\t\t<div class=\"elementor-widget-container\">\n\t\t\t\t\t\t\t\t\t<p>Enfin et surtout, la sensibilisation des employ\u00e9s est \u00e9galement un \u00e9l\u00e9ment tr\u00e8s important d&rsquo;une entreprise durable. Par cons\u00e9quent, nous accueillons toujours les propositions <span style=\"color: #061d31;\"><strong>d&rsquo;id\u00e9es innovantes et d&rsquo;am\u00e9lioration continue<\/strong><\/span> qui ont un impact environnemental, \u00e9cologique ou durable, que ce soit avec nos strat\u00e9gies de d\u00e9veloppement, notre production ou nos partenariats et nos collaborations.<\/p><p>Si vous souhaitez en savoir plus sur<span style=\"color: #061d31;\"><strong> la mani\u00e8re dont INFODEV EDI peut aider votre entreprise<\/strong><\/span> \u00e0 \u00eatre plus durable dans ses activit\u00e9s, n&rsquo;h\u00e9sitez pas \u00e0 nous contacter!<\/p>\t\t\t\t\t\t\t\t<\/div>\n\t\t\t\t<\/div>\n\t\t\t\t<div class=\"elementor-element elementor-element-0c549ab elementor-align-center elementor-widget elementor-widget-button\" data-id=\"0c549ab\" data-element_type=\"widget\" data-e-type=\"widget\" data-widget_type=\"button.default\">\n\t\t\t\t<div class=\"elementor-widget-container\">\n\t\t\t\t\t\t\t\t\t<div class=\"elementor-button-wrapper\">\n\t\t\t\t\t<a class=\"elementor-button elementor-button-link elementor-size-md\" href=\"https:\/\/www.infodev.ca\/fr\/demande-d-informations\/\">\n\t\t\t\t\t\t<span class=\"elementor-button-content-wrapper\">\n\t\t\t\t\t\t\t\t\t<span class=\"elementor-button-text\">Contactez-nous<\/span>\n\t\t\t\t\t<\/span>\n\t\t\t\t\t<\/a>\n\t\t\t\t<\/div>\n\t\t\t\t\t\t\t\t<\/div>\n\t\t\t\t<\/div>\n\t\t\t\t\t<\/div>\n\t\t<\/div>\n\t\t\t\t\t<\/div>\n\t\t<\/section>\n\t\t\t\t<section class=\"elementor-section elementor-top-section elementor-element elementor-element-7c8a46b9 elementor-section-boxed elementor-section-height-default elementor-section-height-default\" data-id=\"7c8a46b9\" data-element_type=\"section\" data-e-type=\"section\">\n\t\t\t\t\t\t<div class=\"elementor-container elementor-column-gap-default\">\n\t\t\t\t\t<div class=\"elementor-column elementor-col-100 elementor-top-column elementor-element elementor-element-6c227173\" data-id=\"6c227173\" data-element_type=\"column\" data-e-type=\"column\">\n\t\t\t<div class=\"elementor-widget-wrap elementor-element-populated\">\n\t\t\t\t\t\t<div class=\"elementor-element elementor-element-6cf9652d elementor-widget elementor-widget-heading\" data-id=\"6cf9652d\" data-element_type=\"widget\" data-e-type=\"widget\" data-widget_type=\"heading.default\">\n\t\t\t\t<div class=\"elementor-widget-container\">\n\t\t\t\t\t<h4 class=\"elementor-heading-title elementor-size-default\">Lecture sugg\u00e9r\u00e9e<\/h4>\t\t\t\t<\/div>\n\t\t\t\t<\/div>\n\t\t\t\t<div class=\"elementor-element elementor-element-24f7551c elementor-widget-divider--view-line elementor-widget elementor-widget-divider\" data-id=\"24f7551c\" data-element_type=\"widget\" data-e-type=\"widget\" data-widget_type=\"divider.default\">\n\t\t\t\t<div class=\"elementor-widget-container\">\n\t\t\t\t\t\t\t<div class=\"elementor-divider\">\n\t\t\t<span class=\"elementor-divider-separator\">\n\t\t\t\t\t\t<\/span>\n\t\t<\/div>\n\t\t\t\t\t\t<\/div>\n\t\t\t\t<\/div>\n\t\t\t\t<section class=\"elementor-section elementor-inner-section elementor-element elementor-element-208ce201 elementor-section-boxed elementor-section-height-default elementor-section-height-default\" data-id=\"208ce201\" data-element_type=\"section\" data-e-type=\"section\">\n\t\t\t\t\t\t<div class=\"elementor-container elementor-column-gap-default\">\n\t\t\t\t\t<div class=\"elementor-column elementor-col-50 elementor-inner-column elementor-element elementor-element-1f3f6026\" data-id=\"1f3f6026\" data-element_type=\"column\" data-e-type=\"column\">\n\t\t\t<div class=\"elementor-widget-wrap elementor-element-populated\">\n\t\t\t\t\t\t<div class=\"elementor-element elementor-element-6d59e5cd elementor-align-center elementor-widget elementor-widget-button\" data-id=\"6d59e5cd\" data-element_type=\"widget\" data-e-type=\"widget\" data-widget_type=\"button.default\">\n\t\t\t\t<div class=\"elementor-widget-container\">\n\t\t\t\t\t\t\t\t\t<div class=\"elementor-button-wrapper\">\n\t\t\t\t\t<a class=\"elementor-button elementor-button-link elementor-size-md elementor-animation-grow\" href=\"https:\/\/www.infodev.ca\/fr\/a-propos\/contact\/\">\n\t\t\t\t\t\t<span class=\"elementor-button-content-wrapper\">\n\t\t\t\t\t\t<span class=\"elementor-button-icon\">\n\t\t\t\t<i aria-hidden=\"true\" class=\"fas fa-arrow-right\"><\/i>\t\t\t<\/span>\n\t\t\t\t\t\t\t\t\t<span class=\"elementor-button-text\">contact<\/span>\n\t\t\t\t\t<\/span>\n\t\t\t\t\t<\/a>\n\t\t\t\t<\/div>\n\t\t\t\t\t\t\t\t<\/div>\n\t\t\t\t<\/div>\n\t\t\t\t\t<\/div>\n\t\t<\/div>\n\t\t\t\t<div class=\"elementor-column elementor-col-50 elementor-inner-column elementor-element elementor-element-12884b65\" data-id=\"12884b65\" data-element_type=\"column\" data-e-type=\"column\">\n\t\t\t<div class=\"elementor-widget-wrap elementor-element-populated\">\n\t\t\t\t\t\t<div class=\"elementor-element elementor-element-75da0859 elementor-align-center elementor-widget elementor-widget-button\" data-id=\"75da0859\" data-element_type=\"widget\" data-e-type=\"widget\" data-widget_type=\"button.default\">\n\t\t\t\t<div class=\"elementor-widget-container\">\n\t\t\t\t\t\t\t\t\t<div class=\"elementor-button-wrapper\">\n\t\t\t\t\t<a class=\"elementor-button elementor-button-link elementor-size-md elementor-animation-grow\" href=\"https:\/\/www.infodev.ca\/fr\/a-propos\/\">\n\t\t\t\t\t\t<span class=\"elementor-button-content-wrapper\">\n\t\t\t\t\t\t<span class=\"elementor-button-icon\">\n\t\t\t\t<i aria-hidden=\"true\" class=\"fas fa-arrow-right\"><\/i>\t\t\t<\/span>\n\t\t\t\t\t\t\t\t\t<span class=\"elementor-button-text\">\u00c0 propos<\/span>\n\t\t\t\t\t<\/span>\n\t\t\t\t\t<\/a>\n\t\t\t\t<\/div>\n\t\t\t\t\t\t\t\t<\/div>\n\t\t\t\t<\/div>\n\t\t\t\t\t<\/div>\n\t\t<\/div>\n\t\t\t\t\t<\/div>\n\t\t<\/section>\n\t\t\t\t\t<\/div>\n\t\t<\/div>\n\t\t\t\t\t<\/div>\n\t\t<\/section>\n\t\t\t\t<\/div>\n\t\t","protected":false},"excerpt":{"rendered":"<p>Ensemble pour le d\u00e9veloppement durable Chez INFODEV EDI, nous croyons que nous pouvons faire partie de la solution vers une vie meilleure pour la g\u00e9n\u00e9ration future et pour la plan\u00e8te. C&rsquo;est pourquoi beaucoup de nos d\u00e9cisions d&rsquo;affaires sont prises afin de r\u00e9duire notre impact \u00e9cologique ainsi que notre empreinte environnementale. Nous pensons qu&rsquo;une entreprise travaillant [&hellip;]<\/p>\n","protected":false},"author":1,"featured_media":0,"parent":5606,"menu_order":0,"comment_status":"closed","ping_status":"closed","template":"","meta":{"_monsterinsights_skip_tracking":false,"_monsterinsights_sitenote_active":false,"_monsterinsights_sitenote_note":"","_monsterinsights_sitenote_category":0,"footnotes":""},"class_list":["post-6684","page","type-page","status-publish","hentry"],"yoast_head":"<!-- This site is optimized with the Yoast SEO Premium plugin v27.3 (Yoast SEO v27.3) - https:\/\/yoast.com\/product\/yoast-seo-premium-wordpress\/ -->\n<title>Engagement au d\u00e9veloppement durable - Infodev EDI inc<\/title>\n<meta name=\"description\" content=\"Lisez notre engagement en d\u00e9veloppement durable et d\u00e9couvrez comment nous int\u00e9grons de solutions durables dans nos activit\u00e9s\" \/>\n<meta name=\"robots\" content=\"index, follow, max-snippet:-1, max-image-preview:large, max-video-preview:-1\" \/>\n<link rel=\"canonical\" href=\"https:\/\/www.infodev.ca\/social-commitment\/sustainability-commitment\/\" \/>\n<meta property=\"og:locale\" content=\"fr_FR\" \/>\n<meta property=\"og:type\" content=\"article\" \/>\n<meta property=\"og:title\" content=\"Engagement au d\u00e9veloppement durable\" \/>\n<meta property=\"og:description\" content=\"Ensemble pour le d\u00e9veloppement durable Chez INFODEV EDI, nous croyons que nous pouvons faire partie de la solution vers une vie meilleure pour la\" \/>\n<meta property=\"og:url\" content=\"https:\/\/www.infodev.ca\/social-commitment\/sustainability-commitment\/\" \/>\n<meta property=\"og:site_name\" content=\"Infodev EDI inc\" \/>\n<meta property=\"article:publisher\" content=\"https:\/\/www.facebook.com\/infodev.edi\/\" \/>\n<meta property=\"article:modified_time\" content=\"2023-09-12T12:35:52+00:00\" \/>\n<script type=\"application\/ld+json\" class=\"yoast-schema-graph\">{\"@context\":\"https:\\\/\\\/schema.org\",\"@graph\":[{\"@type\":\"WebPage\",\"@id\":\"https:\\\/\\\/www.infodev.ca\\\/social-commitment\\\/sustainability-commitment\\\/\",\"url\":\"https:\\\/\\\/www.infodev.ca\\\/social-commitment\\\/sustainability-commitment\\\/\",\"name\":\"Engagement au d\u00e9veloppement durable - Infodev EDI inc\",\"isPartOf\":{\"@id\":\"https:\\\/\\\/www.infodev.ca\\\/#website\"},\"datePublished\":\"2020-06-17T16:56:01+00:00\",\"dateModified\":\"2023-09-12T12:35:52+00:00\",\"description\":\"Lisez notre engagement en d\u00e9veloppement durable et d\u00e9couvrez comment nous int\u00e9grons de solutions durables dans nos activit\u00e9s\",\"breadcrumb\":{\"@id\":\"https:\\\/\\\/www.infodev.ca\\\/social-commitment\\\/sustainability-commitment\\\/#breadcrumb\"},\"inLanguage\":\"fr-FR\",\"potentialAction\":[{\"@type\":\"ReadAction\",\"target\":[\"https:\\\/\\\/www.infodev.ca\\\/social-commitment\\\/sustainability-commitment\\\/\"]}]},{\"@type\":\"BreadcrumbList\",\"@id\":\"https:\\\/\\\/www.infodev.ca\\\/social-commitment\\\/sustainability-commitment\\\/#breadcrumb\",\"itemListElement\":[{\"@type\":\"ListItem\",\"position\":1,\"name\":\"Home\",\"item\":\"https:\\\/\\\/www.infodev.ca\\\/fr\\\/\"},{\"@type\":\"ListItem\",\"position\":2,\"name\":\"Engagement Social\",\"item\":\"https:\\\/\\\/www.infodev.ca\\\/fr\\\/engagement-social\\\/\"},{\"@type\":\"ListItem\",\"position\":3,\"name\":\"Engagement au d\u00e9veloppement durable\"}]},{\"@type\":\"WebSite\",\"@id\":\"https:\\\/\\\/www.infodev.ca\\\/#website\",\"url\":\"https:\\\/\\\/www.infodev.ca\\\/\",\"name\":\"Infodev EDI inc\",\"description\":\"Experts in APC solutions since 1993\",\"publisher\":{\"@id\":\"https:\\\/\\\/www.infodev.ca\\\/#organization\"},\"potentialAction\":[{\"@type\":\"SearchAction\",\"target\":{\"@type\":\"EntryPoint\",\"urlTemplate\":\"https:\\\/\\\/www.infodev.ca\\\/?s={search_term_string}\"},\"query-input\":{\"@type\":\"PropertyValueSpecification\",\"valueRequired\":true,\"valueName\":\"search_term_string\"}}],\"inLanguage\":\"fr-FR\"},{\"@type\":\"Organization\",\"@id\":\"https:\\\/\\\/www.infodev.ca\\\/#organization\",\"name\":\"Infodev EDI inc.\",\"url\":\"https:\\\/\\\/www.infodev.ca\\\/\",\"logo\":{\"@type\":\"ImageObject\",\"inLanguage\":\"fr-FR\",\"@id\":\"https:\\\/\\\/www.infodev.ca\\\/#\\\/schema\\\/logo\\\/image\\\/\",\"url\":\"https:\\\/\\\/www.infodev.ca\\\/wp-content\\\/uploads\\\/2021\\\/10\\\/Logo-infodev.png\",\"contentUrl\":\"https:\\\/\\\/www.infodev.ca\\\/wp-content\\\/uploads\\\/2021\\\/10\\\/Logo-infodev.png\",\"width\":2055,\"height\":798,\"caption\":\"Infodev EDI inc.\"},\"image\":{\"@id\":\"https:\\\/\\\/www.infodev.ca\\\/#\\\/schema\\\/logo\\\/image\\\/\"},\"sameAs\":[\"https:\\\/\\\/www.facebook.com\\\/infodev.edi\\\/\",\"https:\\\/\\\/www.linkedin.com\\\/company-beta\\\/157030\\\/\"]}]}<\/script>\n<!-- \/ Yoast SEO Premium plugin. -->","yoast_head_json":{"title":"Engagement au d\u00e9veloppement durable - Infodev EDI inc","description":"Lisez notre engagement en d\u00e9veloppement durable et d\u00e9couvrez comment nous int\u00e9grons de solutions durables dans nos activit\u00e9s","robots":{"index":"index","follow":"follow","max-snippet":"max-snippet:-1","max-image-preview":"max-image-preview:large","max-video-preview":"max-video-preview:-1"},"canonical":"https:\/\/www.infodev.ca\/social-commitment\/sustainability-commitment\/","og_locale":"fr_FR","og_type":"article","og_title":"Engagement au d\u00e9veloppement durable","og_description":"Ensemble pour le d\u00e9veloppement durable Chez INFODEV EDI, nous croyons que nous pouvons faire partie de la solution vers une vie meilleure pour la","og_url":"https:\/\/www.infodev.ca\/social-commitment\/sustainability-commitment\/","og_site_name":"Infodev EDI inc","article_publisher":"https:\/\/www.facebook.com\/infodev.edi\/","article_modified_time":"2023-09-12T12:35:52+00:00","schema":{"@context":"https:\/\/schema.org","@graph":[{"@type":"WebPage","@id":"https:\/\/www.infodev.ca\/social-commitment\/sustainability-commitment\/","url":"https:\/\/www.infodev.ca\/social-commitment\/sustainability-commitment\/","name":"Engagement au d\u00e9veloppement durable - Infodev EDI inc","isPartOf":{"@id":"https:\/\/www.infodev.ca\/#website"},"datePublished":"2020-06-17T16:56:01+00:00","dateModified":"2023-09-12T12:35:52+00:00","description":"Lisez notre engagement en d\u00e9veloppement durable et d\u00e9couvrez comment nous int\u00e9grons de solutions durables dans nos activit\u00e9s","breadcrumb":{"@id":"https:\/\/www.infodev.ca\/social-commitment\/sustainability-commitment\/#breadcrumb"},"inLanguage":"fr-FR","potentialAction":[{"@type":"ReadAction","target":["https:\/\/www.infodev.ca\/social-commitment\/sustainability-commitment\/"]}]},{"@type":"BreadcrumbList","@id":"https:\/\/www.infodev.ca\/social-commitment\/sustainability-commitment\/#breadcrumb","itemListElement":[{"@type":"ListItem","position":1,"name":"Home","item":"https:\/\/www.infodev.ca\/fr\/"},{"@type":"ListItem","position":2,"name":"Engagement Social","item":"https:\/\/www.infodev.ca\/fr\/engagement-social\/"},{"@type":"ListItem","position":3,"name":"Engagement au d\u00e9veloppement durable"}]},{"@type":"WebSite","@id":"https:\/\/www.infodev.ca\/#website","url":"https:\/\/www.infodev.ca\/","name":"Infodev EDI inc","description":"Experts in APC solutions since 1993","publisher":{"@id":"https:\/\/www.infodev.ca\/#organization"},"potentialAction":[{"@type":"SearchAction","target":{"@type":"EntryPoint","urlTemplate":"https:\/\/www.infodev.ca\/?s={search_term_string}"},"query-input":{"@type":"PropertyValueSpecification","valueRequired":true,"valueName":"search_term_string"}}],"inLanguage":"fr-FR"},{"@type":"Organization","@id":"https:\/\/www.infodev.ca\/#organization","name":"Infodev EDI inc.","url":"https:\/\/www.infodev.ca\/","logo":{"@type":"ImageObject","inLanguage":"fr-FR","@id":"https:\/\/www.infodev.ca\/#\/schema\/logo\/image\/","url":"https:\/\/www.infodev.ca\/wp-content\/uploads\/2021\/10\/Logo-infodev.png","contentUrl":"https:\/\/www.infodev.ca\/wp-content\/uploads\/2021\/10\/Logo-infodev.png","width":2055,"height":798,"caption":"Infodev EDI inc."},"image":{"@id":"https:\/\/www.infodev.ca\/#\/schema\/logo\/image\/"},"sameAs":["https:\/\/www.facebook.com\/infodev.edi\/","https:\/\/www.linkedin.com\/company-beta\/157030\/"]}]}},"_links":{"self":[{"href":"https:\/\/www.infodev.ca\/fr\/wp-json\/wp\/v2\/pages\/6684","targetHints":{"allow":["GET"]}}],"collection":[{"href":"https:\/\/www.infodev.ca\/fr\/wp-json\/wp\/v2\/pages"}],"about":[{"href":"https:\/\/www.infodev.ca\/fr\/wp-json\/wp\/v2\/types\/page"}],"author":[{"embeddable":true,"href":"https:\/\/www.infodev.ca\/fr\/wp-json\/wp\/v2\/users\/1"}],"replies":[{"embeddable":true,"href":"https:\/\/www.infodev.ca\/fr\/wp-json\/wp\/v2\/comments?post=6684"}],"version-history":[{"count":23,"href":"https:\/\/www.infodev.ca\/fr\/wp-json\/wp\/v2\/pages\/6684\/revisions"}],"predecessor-version":[{"id":11777,"href":"https:\/\/www.infodev.ca\/fr\/wp-json\/wp\/v2\/pages\/6684\/revisions\/11777"}],"up":[{"embeddable":true,"href":"https:\/\/www.infodev.ca\/fr\/wp-json\/wp\/v2\/pages\/5606"}],"wp:attachment":[{"href":"https:\/\/www.infodev.ca\/fr\/wp-json\/wp\/v2\/media?parent=6684"}],"curies":[{"name":"wp","href":"https:\/\/api.w.org\/{rel}","templated":true}]}}